{"id":16237,"date":"2022-07-14T05:53:09","date_gmt":"2022-07-14T05:53:09","guid":{"rendered":"https:\/\/www.asebal.com\/?page_id=16237"},"modified":"2022-07-14T06:00:26","modified_gmt":"2022-07-14T06:00:26","slug":"as-blb-f-n2-w2-a","status":"publish","type":"page","link":"https:\/\/www.asebal.com\/fr\/equipement-routier\/glissieres-de-securite\/metalliques\/as-blb-f-n2-w2-a\/","title":{"rendered":"AS-BLB.F (N2-W2-A)"},"content":{"rendered":"[vc_row column_spacing=\u00a0\u00bb20&Prime;][vc_column][rev_slider_vc alias=\u00a0\u00bbas-blb-f\u00a0\u00bb][\/vc_column][\/vc_row][vc_row column_spacing=\u00a0\u00bb20&Prime;][vc_column][vc_text_separator title=\u00a0\u00bbD\u00e9finition\u00a0\u00bb title_align=\u00a0\u00bbseparator_align_left\u00a0\u00bb element_type=\u00a0\u00bbh1&Prime; font_size=\u00a0\u00bb25&Prime; font_weight=\u00a0\u00bbnormal\u00a0\u00bb border_color=\u00a0\u00bb#ff0000&Prime; css=\u00a0\u00bb.vc_custom_1657778043506{padding-bottom: 10px !important;}\u00a0\u00bb el_class=\u00a0\u00bbh1&Prime;][vc_column_text el_class=\u00a0\u00bbline-height: 1.2&Prime;]Glissi\u00e8re m\u00e9tallique simple pour accotement.Dispositif compos\u00e9 d\u2019une glissi\u00e8re \u00e0 double ondulation et de poteaux en \u00ab C \u00bb espac\u00e9s de 2 m\u00e8tres.[\/vc_column_text][\/vc_column][\/vc_row][vc_row column_spacing=\u00a0\u00bb20&Prime;][vc_column][vc_text_separator title=\u00a0\u00bbPerformances\u00a0\u00bb title_align=\u00a0\u00bbseparator_align_left\u00a0\u00bb element_type=\u00a0\u00bbh1&Prime; font_size=\u00a0\u00bb25&Prime; font_weight=\u00a0\u00bbnormal\u00a0\u00bb border_color=\u00a0\u00bb#ff0000&Prime; css=\u00a0\u00bb.vc_custom_1657778067193{padding-bottom: 10px !important;}\u00a0\u00bb][vc_column_text]\n<table style=\"border: 1px solid #404040; height: auto;\" border=\"1\" width=\"100%\" cellpadding=\"1\">\n<tbody>\n<tr>\n<td style=\"width: 20%; height: 40px; text-align: center; vertical-align: middle;\">Niveau de retenue<\/td>\n<td style=\"background-color: #404040; text-align: center; vertical-align: middle;\"><span style=\"color: #ffffff;\">N2<\/span><\/td>\n<td style=\"width: 21%; height: 40px; text-align: center; vertical-align: middle;\">Largeur de fonctionnement (W)<\/td>\n<td style=\"background-color: #404040; text-align: center; vertical-align: middle;\"><span style=\"color: #ffffff;\">W2<\/span><\/td>\n<td style=\"width: 20%; height: 40px; text-align: center; vertical-align: middle;\">S\u00e9v\u00e9rit\u00e9 de choc<\/td>\n<td style=\"background-color: #404040; text-align: center; vertical-align: middle;\"><span style=\"color: #ffffff;\">A<\/span><\/td>\n<td style=\"width: 21%; height: 40px; text-align: center; vertical-align: middle;\">D\u00e9flexion dynamique (D)<\/td>\n<td style=\"background-color: #404040; text-align: center; vertical-align: middle;\"><span style=\"color: #ffffff;\">0,6 m<\/span><\/td>\n<\/tr>\n<\/tbody>\n<\/table>\n[\/vc_column_text][\/vc_column][\/vc_row][vc_row center_row=\u00a0\u00bb\u00a0\u00bb][vc_column][vc_empty_space][\/vc_column][\/vc_row][vc_row column_spacing=\u00a0\u00bb20&Prime;][vc_column width=\u00a0\u00bb1\/3&Prime;][vc_text_separator title=\u00a0\u00bbProfil\u00a0\u00bb title_align=\u00a0\u00bbseparator_align_left\u00a0\u00bb element_type=\u00a0\u00bbh1&Prime; font_weight=\u00a0\u00bbnormal\u00a0\u00bb font_size=\u00a0\u00bb25&Prime; border_color=\u00a0\u00bb#ff0000&Prime;][\/vc_column][vc_column width=\u00a0\u00bb1\/3&Prime;][vc_single_image image=\u00a0\u00bb13171&Prime; onclick=\u00a0\u00bbimg_link_large\u00a0\u00bb][\/vc_column][vc_column width=\u00a0\u00bb1\/3&Prime;][vc_column_text]\n[\/vc_column_text][\/vc_column][\/vc_row][vc_row center_row=\u00a0\u00bb\u00a0\u00bb][vc_column][vc_empty_space][\/vc_column][\/vc_row][vc_row column_spacing=\u00a0\u00bb20&Prime;][vc_column width=\u00a0\u00bb1\/2&Prime; border_color=\u00a0\u00bb#ff0000&Prime; border_width=\u00a0\u00bbright\u00a0\u00bb min_height=\u00a0\u00bb600&Prime;][vc_text_separator title=\u00a0\u00bbComposants pour sections de 4 m\u00e8tres\u00a0\u00bb title_align=\u00a0\u00bbseparator_align_left\u00a0\u00bb element_type=\u00a0\u00bbh1&Prime; font_weight=\u00a0\u00bbnormal\u00a0\u00bb font_size=\u00a0\u00bb25&Prime; border_color=\u00a0\u00bb#ff0000&Prime; css=\u00a0\u00bb.vc_custom_1657778132608{padding-bottom: 10px !important;}\u00a0\u00bb][vc_empty_space height=\u00a0\u00bb10px\u00a0\u00bb][vc_column_text css=\u00a0\u00bb.vc_custom_1657778170462{margin-bottom: 10px !important;}\u00a0\u00bb]\n<table style=\"width: 100%; height: auto;\">\n<tbody>\n<tr>\n<td style=\"width: 10%; text-align: center;\">Art.<\/td>\n<td style=\"width: 80%; text-align: center;\">\u00c9l\u00e9ment<\/td>\n<td style=\"width: 10%; text-align: center;\">Ut\u00e9.<\/td>\n<\/tr>\n<\/tbody>\n<\/table>\n[\/vc_column_text][vc_column_text css=\u00a0\u00bb.vc_custom_1657778324775{margin-bottom: 5px !important;}\u00a0\u00bb]\n<table style=\"border: 1px solid #404040; height: auto;\" border=\"1\" width=\"100%\" cellpadding=\"2\">\n<tbody>\n<tr>\n<td style=\"width: 10%; height: 30px; text-align: center; vertical-align: middle;\">1<\/td>\n<td style=\"width: 80%; background-color: #cccccc; height: 30px; text-align: left; vertical-align: middle;\">\u00a0Glissi\u00e8re \u00e0 double ondulation de 4 m<\/td>\n<td style=\"width: 10%; background-color: #424242; height: 30px; text-align: center; vertical-align: middle;\"><span style=\"color: #ffffff;\">1<\/span><\/td>\n<\/tr>\n<\/tbody>\n<\/table>\n[\/vc_column_text][vc_column_text css=\u00a0\u00bb.vc_custom_1657778338240{margin-bottom: 5px !important;}\u00a0\u00bb]\n<table style=\"border: 1px solid #404040; height: auto;\" border=\"1\" width=\"100%\" cellpadding=\"5\">\n<tbody>\n<tr>\n<td style=\"width: 10%; height: 30px; text-align: center; vertical-align: middle;\">2<\/td>\n<td style=\"width: 80%; background-color: #cccccc; height: 30px; text-align: left; vertical-align: middle;\">\u00a0 Poteau C-125x75x20 de 1 600 mm<\/td>\n<td style=\"width: 10%; background-color: #424242; height: 30px; text-align: center; vertical-align: middle;\"><span style=\"color: #ffffff;\">2<\/span><\/td>\n<\/tr>\n<\/tbody>\n<\/table>\n[\/vc_column_text][vc_column_text css=\u00a0\u00bb.vc_custom_1657778349807{margin-bottom: 5px !important;}\u00a0\u00bb]\n<table style=\"border: 1px solid #404040; height: auto;\" border=\"1\" width=\"100%\" cellpadding=\"5\">\n<tbody>\n<tr>\n<td style=\"width: 10%; height: 30px; text-align: center; vertical-align: middle;\">3<\/td>\n<td style=\"width: 80%; background-color: #cccccc; height: 30px; text-align: left; vertical-align: middle;\">\u00a0 R\u00e9flecteur<\/td>\n<td style=\"width: 10%; background-color: #424242; height: 30px; text-align: center; vertical-align: middle;\"><span style=\"color: #ffffff;\">0,5<\/span><\/td>\n<\/tr>\n<\/tbody>\n<\/table>\n[\/vc_column_text][vc_column_text css=\u00a0\u00bb.vc_custom_1657778364686{margin-bottom: 5px !important;}\u00a0\u00bb]\n<table style=\"border: 1px solid #404040; height: auto;\" border=\"1\" width=\"100%\" cellpadding=\"5\">\n<tbody>\n<tr>\n<td style=\"width: 10%; height: 30px; text-align: center; vertical-align: middle;\">4<\/td>\n<td style=\"width: 80%; background-color: #cccccc; height: 30px; text-align: left; vertical-align: middle;\">\u00a0 Boulon TR M16x30, avec \u00e9crou<\/td>\n<td style=\"width: 10%; background-color: #424242; height: 30px; text-align: center; vertical-align: middle;\"><span style=\"color: #ffffff;\">8<\/span><\/td>\n<\/tr>\n<\/tbody>\n<\/table>\n[\/vc_column_text][vc_column_text css=\u00a0\u00bb.vc_custom_1657778382886{margin-bottom: 5px !important;}\u00a0\u00bb]\n<table style=\"border: 1px solid #404040; height: auto;\" border=\"1\" width=\"100%\" cellpadding=\"5\">\n<tbody>\n<tr>\n<td style=\"width: 10%; height: 30px; text-align: center; vertical-align: middle;\">5<\/td>\n<td style=\"width: 80%; background-color: #cccccc; height: 30px; text-align: left; vertical-align: middle;\">\u00a0 Boulon TR M16x40, avec \u00e9crou<\/td>\n<td style=\"width: 10%; background-color: #424242; height: 30px; text-align: center; vertical-align: middle;\"><span style=\"color: #ffffff;\">2<\/span><\/td>\n<\/tr>\n<\/tbody>\n<\/table>\n[\/vc_column_text][vc_column_text css=\u00a0\u00bb.vc_custom_1657778395623{margin-bottom: 5px !important;}\u00a0\u00bb]\n<table style=\"border: 1px solid #404040; height: auto;\" border=\"1\" width=\"100%\" cellpadding=\"5\">\n<tbody>\n<tr>\n<td style=\"width: 10%; height: 30px; text-align: center; vertical-align: middle;\">6<\/td>\n<td style=\"width: 80%; background-color: #cccccc; height: 30px; text-align: left; vertical-align: middle;\">\u00a0 Rondelle \u00d817x35x4 mm<\/td>\n<td style=\"width: 10%; background-color: #424242; height: 30px; text-align: center; vertical-align: middle;\"><span style=\"color: #ffffff;\">8<\/span><\/td>\n<\/tr>\n<\/tbody>\n<\/table>\n[\/vc_column_text][vc_column_text css=\u00a0\u00bb.vc_custom_1657778409104{margin-bottom: 5px !important;}\u00a0\u00bb]\n<table style=\"border: 1px solid #404040; height: auto;\" border=\"1\" width=\"100%\" cellpadding=\"5\">\n<tbody>\n<tr>\n<td style=\"width: 10%; height: 30px; text-align: center; vertical-align: middle;\">7<\/td>\n<td style=\"width: 80%; background-color: #cccccc; height: 30px; text-align: left; vertical-align: middle;\">\u00a0 Rondelle carr\u00e9e 40x40x4 mm<\/td>\n<td style=\"width: 10%; background-color: #424242; height: 30px; text-align: center; vertical-align: middle;\"><span style=\"color: #ffffff;\">2<\/span><\/td>\n<\/tr>\n<\/tbody>\n<\/table>\n[\/vc_column_text][vc_column_text css=\u00a0\u00bb.vc_custom_1657778422310{margin-bottom: 5px !important;}\u00a0\u00bb]\n<table style=\"border: 1px solid #404040; height: auto;\" border=\"1\" width=\"100%\" cellpadding=\"5\">\n<tbody>\n<tr>\n<td style=\"width: 10%; height: 30px; text-align: center; vertical-align: middle;\">8<\/td>\n<td style=\"width: 80%; background-color: #cccccc; height: 30px; text-align: left; vertical-align: middle;\">\u00a0 Rondelle rectangulaire 100x40x5 mm<\/td>\n<td style=\"width: 10%; background-color: #424242; height: 30px; text-align: center; vertical-align: middle;\"><span style=\"color: #ffffff;\">2<\/span><\/td>\n<\/tr>\n<\/tbody>\n<\/table>\n[\/vc_column_text][\/vc_column][vc_column width=\u00a0\u00bb1\/2&Prime;][vc_text_separator title=\u00a0\u00bbD\u00e9tails de la boulonnerie\u00a0\u00bb title_align=\u00a0\u00bbseparator_align_left\u00a0\u00bb element_type=\u00a0\u00bbh1&Prime; font_weight=\u00a0\u00bbnormal\u00a0\u00bb font_size=\u00a0\u00bb25&Prime; border_color=\u00a0\u00bb#ff0000&Prime;][vc_empty_space height=\u00a0\u00bb10px\u00a0\u00bb][vc_single_image image=\u00a0\u00bb16241&Prime; onclick=\u00a0\u00bbimg_link_large\u00a0\u00bb][vc_empty_space height=\u00a0\u00bb10px\u00a0\u00bb][vc_single_image image=\u00a0\u00bb16244&Prime; onclick=\u00a0\u00bbimg_link_large\u00a0\u00bb][\/vc_column][\/vc_row][vc_row center_row=\u00a0\u00bb\u00a0\u00bb][vc_column width=\u00a0\u00bb1\/2&Prime;][\/vc_column][vc_column width=\u00a0\u00bb1\/2&Prime;][vc_empty_space][vc_row_inner][vc_column_inner style=\u00a0\u00bbdefault\u00a0\u00bb visibility=\u00a0\u00bb\u00a0\u00bb css_animation=\u00a0\u00bb\u00a0\u00bb drop_shadow=\u00a0\u00bb\u00a0\u00bb bg_style=\u00a0\u00bbstretch\u00a0\u00bb][vc_empty_space][vc_single_image image=\u00a0\u00bb13097&Prime; img_size=\u00a0\u00bb64&#215;64&Prime; alignment=\u00a0\u00bbcenter\u00a0\u00bb][vc_column_text]\n<p style=\"text-align: center;\"><a title=\"T\u00e9l\u00e9charger la fiche en PDF\" href=\"https:\/\/www.asebal.com\/wp-content\/uploads\/2022\/07\/AF-Sistema-AS-BLB.F-FR.pdf\" target=\"_blank\" rel=\"noopener\">T\u00e9l\u00e9charger la fiche en PDF<\/a><\/p>\n[\/vc_column_text][\/vc_column_inner][\/vc_row_inner][\/vc_column][\/vc_row][vc_row vcex_user_access=\u00a0\u00bblogged_in\u00a0\u00bb][vc_column][vc_text_separator title=\u00a0\u00bbOtras descargas\u00a0\u00bb title_align=\u00a0\u00bbseparator_align_left\u00a0\u00bb element_type=\u00a0\u00bbh1&Prime; font_weight=\u00a0\u00bbnormal\u00a0\u00bb font_size=\u00a0\u00bb25&Prime; border_color=\u00a0\u00bb#ff0000&Prime; css=\u00a0\u00bb.vc_custom_1622214671121{padding-bottom: 10px !important;}\u00a0\u00bb][vc_row_inner][vc_column_inner width=\u00a0\u00bb1\/4&Prime;]<a href=\"https:\/\/www.asebal.com\/wp-content\/uploads\/2021\/06\/Certificado-de-constancia-de-las-prestaciones-AS-BLB.F-incluida-modificacion-M1-poste.pdf\" class=\"vcex-module vcex-icon-box clr vcex-icon-box-five vcex-icon-box-link-wrap  equal-height-content\" target=\"_blank\"><div class=\"vcex-icon-box-icon\" style=\"color:#dd3333;\"><span class=\"ticon ticon-file-pdf-o\" aria-hidden=\"true\"><\/span><\/div><h2 class=\"vcex-icon-box-heading heading-typography\" style=\"font-weight:100;\">Certificado de constancia de las prestaciones AS-BLB.F (incluida modificaci\u00f3n M1 - poste)<\/h2><\/a>[\/vc_column_inner][vc_column_inner width=\u00a0\u00bb1\/4&Prime;]<a href=\"https:\/\/www.asebal.com\/wp-content\/uploads\/2021\/06\/Declaracion-de-prestaciones-AS-BLB.F.pdf\" class=\"vcex-module vcex-icon-box clr vcex-icon-box-five vcex-icon-box-link-wrap  equal-height-content\" target=\"_blank\"><div class=\"vcex-icon-box-icon\" style=\"color:#dd3333;\"><span class=\"ticon ticon-file-pdf-o\" aria-hidden=\"true\"><\/span><\/div><h2 class=\"vcex-icon-box-heading heading-typography\" style=\"font-weight:100;\">Declaraci\u00f3n de prestaciones AS-BLB.F<\/h2><\/a>[\/vc_column_inner][vc_column_inner width=\u00a0\u00bb1\/4&Prime;]<a href=\"https:\/\/www.asebal.com\/wp-content\/uploads\/2021\/06\/Manual-de-instalacion-AS-BLB.F_Rev1.pdf\" class=\"vcex-module vcex-icon-box clr vcex-icon-box-five vcex-icon-box-link-wrap  equal-height-content\" target=\"_blank\"><div class=\"vcex-icon-box-icon\" style=\"color:#dd3333;\"><span class=\"ticon ticon-file-pdf-o\" aria-hidden=\"true\"><\/span><\/div><h2 class=\"vcex-icon-box-heading heading-typography\" style=\"font-weight:100;\">Manual de instalaci\u00f3n AS-BLB.F_Rev1<\/h2><\/a>[\/vc_column_inner][vc_column_inner width=\u00a0\u00bb1\/4&Prime;][\/vc_column_inner][\/vc_row_inner][\/vc_column][\/vc_row]\n","protected":false},"excerpt":{"rendered":"<p>[vc_row column_spacing=\u00a0\u00bb20&Prime;][vc_column][rev_slider_vc alias=\u00a0\u00bbas-blb-f\u00a0\u00bb][\/vc_column][\/vc_row][vc_row column_spacing=\u00a0\u00bb20&Prime;][vc_column][vc_text_separator title=\u00a0\u00bbD\u00e9finition\u00a0\u00bb title_align=\u00a0\u00bbseparator_align_left\u00a0\u00bb element_type=\u00a0\u00bbh1&Prime; font_size=\u00a0\u00bb25&Prime; font_weight=\u00a0\u00bbnormal\u00a0\u00bb border_color=\u00a0\u00bb#ff0000&Prime; css=\u00a0\u00bb.vc_custom_1657778043506{padding-bottom: 10px !important;}\u00a0\u00bb el_class=\u00a0\u00bbh1&Prime;][vc_column_text el_class=\u00a0\u00bbline-height: 1.2&Prime;]Glissi\u00e8re m\u00e9tallique simple pour accotement.Dispositif compos\u00e9 d\u2019une glissi\u00e8re \u00e0 double ondulation et de poteaux en \u00ab C \u00bb espac\u00e9s de 2 m\u00e8tres.[\/vc_column_text][\/vc_column][\/vc_row][vc_row column_spacing=\u00a0\u00bb20&Prime;][vc_column][vc_text_separator title=\u00a0\u00bbPerformances\u00a0\u00bb title_align=\u00a0\u00bbseparator_align_left\u00a0\u00bb&hellip;<\/p>\n","protected":false},"author":2,"featured_media":0,"parent":14870,"menu_order":0,"comment_status":"open","ping_status":"open","template":"","meta":{"footnotes":""},"yoast_head":"<!-- This site is optimized with the Yoast SEO plugin v22.0 - https:\/\/yoast.com\/wordpress\/plugins\/seo\/ -->\n<title>AS-BLB.F (N2-W2-A) - Asebal<\/title>\n<meta name=\"robots\" content=\"index, follow, max-snippet:-1, max-image-preview:large, max-video-preview:-1\" \/>\n<link rel=\"canonical\" href=\"https:\/\/www.asebal.com\/fr\/equipement-routier\/glissieres-de-securite\/metalliques\/as-blb-f-n2-w2-a\/\" \/>\n<meta property=\"og:locale\" content=\"fr_FR\" \/>\n<meta property=\"og:type\" content=\"article\" \/>\n<meta property=\"og:title\" content=\"AS-BLB.F (N2-W2-A) - Asebal\" \/>\n<meta property=\"og:description\" content=\"[vc_row column_spacing=\u00a0\u00bb20&Prime;][vc_column][rev_slider_vc alias=\u00a0\u00bbas-blb-f\u00a0\u00bb][\/vc_column][\/vc_row][vc_row column_spacing=\u00a0\u00bb20&Prime;][vc_column][vc_text_separator title=\u00a0\u00bbD\u00e9finition\u00a0\u00bb title_align=\u00a0\u00bbseparator_align_left\u00a0\u00bb element_type=\u00a0\u00bbh1&Prime; font_size=\u00a0\u00bb25&Prime; font_weight=\u00a0\u00bbnormal\u00a0\u00bb border_color=\u00a0\u00bb#ff0000&Prime; css=\u00a0\u00bb.vc_custom_1657778043506{padding-bottom: 10px !important;}\u00a0\u00bb el_class=\u00a0\u00bbh1&Prime;][vc_column_text el_class=\u00a0\u00bbline-height: 1.2&Prime;]Glissi\u00e8re m\u00e9tallique simple pour accotement.Dispositif compos\u00e9 d\u2019une glissi\u00e8re \u00e0 double ondulation et de poteaux en \u00ab C \u00bb espac\u00e9s de 2 m\u00e8tres.[\/vc_column_text][\/vc_column][\/vc_row][vc_row column_spacing=\u00a0\u00bb20&Prime;][vc_column][vc_text_separator title=\u00a0\u00bbPerformances\u00a0\u00bb title_align=\u00a0\u00bbseparator_align_left\u00a0\u00bb&hellip;\" \/>\n<meta property=\"og:url\" content=\"https:\/\/www.asebal.com\/fr\/equipement-routier\/glissieres-de-securite\/metalliques\/as-blb-f-n2-w2-a\/\" \/>\n<meta property=\"og:site_name\" content=\"Asebal\" \/>\n<meta property=\"article:modified_time\" content=\"2022-07-14T06:00:26+00:00\" \/>\n<meta name=\"twitter:card\" content=\"summary_large_image\" \/>\n<meta name=\"twitter:label1\" content=\"Dur\u00e9e de lecture estim\u00e9e\" \/>\n\t<meta name=\"twitter:data1\" content=\"2 minutes\" \/>\n<script type=\"application\/ld+json\" class=\"yoast-schema-graph\">{\"@context\":\"https:\/\/schema.org\",\"@graph\":[{\"@type\":\"WebPage\",\"@id\":\"https:\/\/www.asebal.com\/fr\/equipement-routier\/glissieres-de-securite\/metalliques\/as-blb-f-n2-w2-a\/\",\"url\":\"https:\/\/www.asebal.com\/fr\/equipement-routier\/glissieres-de-securite\/metalliques\/as-blb-f-n2-w2-a\/\",\"name\":\"AS-BLB.F (N2-W2-A) - Asebal\",\"isPartOf\":{\"@id\":\"https:\/\/www.asebal.com\/#website\"},\"datePublished\":\"2022-07-14T05:53:09+00:00\",\"dateModified\":\"2022-07-14T06:00:26+00:00\",\"breadcrumb\":{\"@id\":\"https:\/\/www.asebal.com\/fr\/equipement-routier\/glissieres-de-securite\/metalliques\/as-blb-f-n2-w2-a\/#breadcrumb\"},\"inLanguage\":\"fr-FR\",\"potentialAction\":[{\"@type\":\"ReadAction\",\"target\":[\"https:\/\/www.asebal.com\/fr\/equipement-routier\/glissieres-de-securite\/metalliques\/as-blb-f-n2-w2-a\/\"]}]},{\"@type\":\"BreadcrumbList\",\"@id\":\"https:\/\/www.asebal.com\/fr\/equipement-routier\/glissieres-de-securite\/metalliques\/as-blb-f-n2-w2-a\/#breadcrumb\",\"itemListElement\":[{\"@type\":\"ListItem\",\"position\":1,\"name\":\"\",\"item\":\"https:\/\/www.asebal.com\/fr\/\"},{\"@type\":\"ListItem\",\"position\":2,\"name\":\"\u00c9quipement routier\",\"item\":\"https:\/\/www.asebal.com\/fr\/equipement-routier\/\"},{\"@type\":\"ListItem\",\"position\":3,\"name\":\"Glissi\u00e8res de s\u00e9curit\u00e9\",\"item\":\"https:\/\/www.asebal.com\/fr\/equipement-routier\/glissieres-de-securite\/\"},{\"@type\":\"ListItem\",\"position\":4,\"name\":\"M\u00e9talliques\",\"item\":\"https:\/\/www.asebal.com\/fr\/equipement-routier\/glissieres-de-securite\/metalliques\/\"},{\"@type\":\"ListItem\",\"position\":5,\"name\":\"AS-BLB.F (N2-W2-A)\"}]},{\"@type\":\"WebSite\",\"@id\":\"https:\/\/www.asebal.com\/#website\",\"url\":\"https:\/\/www.asebal.com\/\",\"name\":\"Asebal\",\"description\":\"Otro sitio realizado con WordPress\",\"publisher\":{\"@id\":\"https:\/\/www.asebal.com\/#organization\"},\"potentialAction\":[{\"@type\":\"SearchAction\",\"target\":{\"@type\":\"EntryPoint\",\"urlTemplate\":\"https:\/\/www.asebal.com\/?s={search_term_string}\"},\"query-input\":\"required name=search_term_string\"}],\"inLanguage\":\"fr-FR\"},{\"@type\":\"Organization\",\"@id\":\"https:\/\/www.asebal.com\/#organization\",\"name\":\"Asebal\",\"url\":\"https:\/\/www.asebal.com\/\",\"logo\":{\"@type\":\"ImageObject\",\"inLanguage\":\"fr-FR\",\"@id\":\"https:\/\/www.asebal.com\/#\/schema\/logo\/image\/\",\"url\":\"https:\/\/www.asebal.com\/wp-content\/uploads\/2015\/06\/logo-asebal1.png\",\"contentUrl\":\"https:\/\/www.asebal.com\/wp-content\/uploads\/2015\/06\/logo-asebal1.png\",\"width\":265,\"height\":50,\"caption\":\"Asebal\"},\"image\":{\"@id\":\"https:\/\/www.asebal.com\/#\/schema\/logo\/image\/\"}}]}<\/script>\n<!-- \/ Yoast SEO plugin. -->","yoast_head_json":{"title":"AS-BLB.F (N2-W2-A) - Asebal","robots":{"index":"index","follow":"follow","max-snippet":"max-snippet:-1","max-image-preview":"max-image-preview:large","max-video-preview":"max-video-preview:-1"},"canonical":"https:\/\/www.asebal.com\/fr\/equipement-routier\/glissieres-de-securite\/metalliques\/as-blb-f-n2-w2-a\/","og_locale":"fr_FR","og_type":"article","og_title":"AS-BLB.F (N2-W2-A) - Asebal","og_description":"[vc_row column_spacing=\u00a0\u00bb20&Prime;][vc_column][rev_slider_vc alias=\u00a0\u00bbas-blb-f\u00a0\u00bb][\/vc_column][\/vc_row][vc_row column_spacing=\u00a0\u00bb20&Prime;][vc_column][vc_text_separator title=\u00a0\u00bbD\u00e9finition\u00a0\u00bb title_align=\u00a0\u00bbseparator_align_left\u00a0\u00bb element_type=\u00a0\u00bbh1&Prime; font_size=\u00a0\u00bb25&Prime; font_weight=\u00a0\u00bbnormal\u00a0\u00bb border_color=\u00a0\u00bb#ff0000&Prime; css=\u00a0\u00bb.vc_custom_1657778043506{padding-bottom: 10px !important;}\u00a0\u00bb el_class=\u00a0\u00bbh1&Prime;][vc_column_text el_class=\u00a0\u00bbline-height: 1.2&Prime;]Glissi\u00e8re m\u00e9tallique simple pour accotement.Dispositif compos\u00e9 d\u2019une glissi\u00e8re \u00e0 double ondulation et de poteaux en \u00ab C \u00bb espac\u00e9s de 2 m\u00e8tres.[\/vc_column_text][\/vc_column][\/vc_row][vc_row column_spacing=\u00a0\u00bb20&Prime;][vc_column][vc_text_separator title=\u00a0\u00bbPerformances\u00a0\u00bb title_align=\u00a0\u00bbseparator_align_left\u00a0\u00bb&hellip;","og_url":"https:\/\/www.asebal.com\/fr\/equipement-routier\/glissieres-de-securite\/metalliques\/as-blb-f-n2-w2-a\/","og_site_name":"Asebal","article_modified_time":"2022-07-14T06:00:26+00:00","twitter_card":"summary_large_image","twitter_misc":{"Dur\u00e9e de lecture estim\u00e9e":"2 minutes"},"schema":{"@context":"https:\/\/schema.org","@graph":[{"@type":"WebPage","@id":"https:\/\/www.asebal.com\/fr\/equipement-routier\/glissieres-de-securite\/metalliques\/as-blb-f-n2-w2-a\/","url":"https:\/\/www.asebal.com\/fr\/equipement-routier\/glissieres-de-securite\/metalliques\/as-blb-f-n2-w2-a\/","name":"AS-BLB.F (N2-W2-A) - Asebal","isPartOf":{"@id":"https:\/\/www.asebal.com\/#website"},"datePublished":"2022-07-14T05:53:09+00:00","dateModified":"2022-07-14T06:00:26+00:00","breadcrumb":{"@id":"https:\/\/www.asebal.com\/fr\/equipement-routier\/glissieres-de-securite\/metalliques\/as-blb-f-n2-w2-a\/#breadcrumb"},"inLanguage":"fr-FR","potentialAction":[{"@type":"ReadAction","target":["https:\/\/www.asebal.com\/fr\/equipement-routier\/glissieres-de-securite\/metalliques\/as-blb-f-n2-w2-a\/"]}]},{"@type":"BreadcrumbList","@id":"https:\/\/www.asebal.com\/fr\/equipement-routier\/glissieres-de-securite\/metalliques\/as-blb-f-n2-w2-a\/#breadcrumb","itemListElement":[{"@type":"ListItem","position":1,"name":"","item":"https:\/\/www.asebal.com\/fr\/"},{"@type":"ListItem","position":2,"name":"\u00c9quipement routier","item":"https:\/\/www.asebal.com\/fr\/equipement-routier\/"},{"@type":"ListItem","position":3,"name":"Glissi\u00e8res de s\u00e9curit\u00e9","item":"https:\/\/www.asebal.com\/fr\/equipement-routier\/glissieres-de-securite\/"},{"@type":"ListItem","position":4,"name":"M\u00e9talliques","item":"https:\/\/www.asebal.com\/fr\/equipement-routier\/glissieres-de-securite\/metalliques\/"},{"@type":"ListItem","position":5,"name":"AS-BLB.F (N2-W2-A)"}]},{"@type":"WebSite","@id":"https:\/\/www.asebal.com\/#website","url":"https:\/\/www.asebal.com\/","name":"Asebal","description":"Otro sitio realizado con WordPress","publisher":{"@id":"https:\/\/www.asebal.com\/#organization"},"potentialAction":[{"@type":"SearchAction","target":{"@type":"EntryPoint","urlTemplate":"https:\/\/www.asebal.com\/?s={search_term_string}"},"query-input":"required name=search_term_string"}],"inLanguage":"fr-FR"},{"@type":"Organization","@id":"https:\/\/www.asebal.com\/#organization","name":"Asebal","url":"https:\/\/www.asebal.com\/","logo":{"@type":"ImageObject","inLanguage":"fr-FR","@id":"https:\/\/www.asebal.com\/#\/schema\/logo\/image\/","url":"https:\/\/www.asebal.com\/wp-content\/uploads\/2015\/06\/logo-asebal1.png","contentUrl":"https:\/\/www.asebal.com\/wp-content\/uploads\/2015\/06\/logo-asebal1.png","width":265,"height":50,"caption":"Asebal"},"image":{"@id":"https:\/\/www.asebal.com\/#\/schema\/logo\/image\/"}}]}},"_links":{"self":[{"href":"https:\/\/www.asebal.com\/fr\/wp-json\/wp\/v2\/pages\/16237"}],"collection":[{"href":"https:\/\/www.asebal.com\/fr\/wp-json\/wp\/v2\/pages"}],"about":[{"href":"https:\/\/www.asebal.com\/fr\/wp-json\/wp\/v2\/types\/page"}],"author":[{"embeddable":true,"href":"https:\/\/www.asebal.com\/fr\/wp-json\/wp\/v2\/users\/2"}],"replies":[{"embeddable":true,"href":"https:\/\/www.asebal.com\/fr\/wp-json\/wp\/v2\/comments?post=16237"}],"version-history":[{"count":6,"href":"https:\/\/www.asebal.com\/fr\/wp-json\/wp\/v2\/pages\/16237\/revisions"}],"predecessor-version":[{"id":16252,"href":"https:\/\/www.asebal.com\/fr\/wp-json\/wp\/v2\/pages\/16237\/revisions\/16252"}],"up":[{"embeddable":true,"href":"https:\/\/www.asebal.com\/fr\/wp-json\/wp\/v2\/pages\/14870"}],"wp:attachment":[{"href":"https:\/\/www.asebal.com\/fr\/wp-json\/wp\/v2\/media?parent=16237"}],"curies":[{"name":"wp","href":"https:\/\/api.w.org\/{rel}","templated":true}]}}