{"id":15464,"date":"2022-07-08T06:06:01","date_gmt":"2022-07-08T06:06:01","guid":{"rendered":"https:\/\/www.asebal.com\/?page_id=15464"},"modified":"2022-07-08T06:31:55","modified_gmt":"2022-07-08T06:31:55","slug":"as-ma2-a-h2-w3-b","status":"publish","type":"page","link":"https:\/\/www.asebal.com\/fr\/equipement-routier\/glissieres-de-securite\/mixtes-metal-bois\/as-ma2-a-h2-w3-b\/","title":{"rendered":"AS-MA2.A (H2-W3-B)"},"content":{"rendered":"[vc_row column_spacing=\u00a0\u00bb20&Prime;][vc_column][rev_slider_vc alias=\u00a0\u00bbas-ma2-a\u00a0\u00bb][\/vc_column][\/vc_row][vc_row column_spacing=\u00a0\u00bb20&Prime;][vc_column][vc_text_separator title=\u00a0\u00bbD\u00e9finition\u00a0\u00bb title_align=\u00a0\u00bbseparator_align_left\u00a0\u00bb element_type=\u00a0\u00bbh1&Prime; font_size=\u00a0\u00bb25&Prime; font_weight=\u00a0\u00bbnormal\u00a0\u00bb border_color=\u00a0\u00bb#ff0000&Prime; css=\u00a0\u00bb.vc_custom_1657260186623{padding-bottom: 10px !important;}\u00a0\u00bb el_class=\u00a0\u00bbh1&Prime;][vc_column_text el_class=\u00a0\u00bbline-height: 1.2&Prime;]Dispositif mixte m\u00e9tal-bois pour accotement, compos\u00e9 d\u2019une glissi\u00e8re m\u00e9tallique avec \u00e9carteur et poteaux C espac\u00e9sde 2 m\u00e8tres. La glissi\u00e8re et les poteaux sont rev\u00eatus de bois.[\/vc_column_text][\/vc_column][\/vc_row][vc_row column_spacing=\u00a0\u00bb20&Prime;][vc_column][vc_text_separator title=\u00a0\u00bbPerformances\u00a0\u00bb title_align=\u00a0\u00bbseparator_align_left\u00a0\u00bb element_type=\u00a0\u00bbh1&Prime; font_size=\u00a0\u00bb25&Prime; font_weight=\u00a0\u00bbnormal\u00a0\u00bb border_color=\u00a0\u00bb#ff0000&Prime; css=\u00a0\u00bb.vc_custom_1657260226327{padding-bottom: 10px !important;}\u00a0\u00bb][vc_column_text]\n<table style=\"border: 1px solid #404040; height: auto;\" border=\"1\" width=\"100%\" cellpadding=\"1\">\n<tbody>\n<tr>\n<td style=\"width: 20%; height: 40px; text-align: center; vertical-align: middle;\">Niveau de retenue<\/td>\n<td style=\"background-color: #404040; text-align: center; vertical-align: middle;\"><span style=\"color: #ffffff;\">H2<\/span><\/td>\n<td style=\"width: 21%; height: 40px; text-align: center; vertical-align: middle;\">Largeur de fonctionnement (W)<\/td>\n<td style=\"background-color: #404040; text-align: center; vertical-align: middle;\"><span style=\"color: #ffffff;\">W3<\/span><\/td>\n<td style=\"width: 20%; height: 40px; text-align: center; vertical-align: middle;\">S\u00e9v\u00e9rit\u00e9 de choc<\/td>\n<td style=\"background-color: #404040; text-align: center; vertical-align: middle;\"><span style=\"color: #ffffff;\">B<br \/>\n<\/span><\/td>\n<td style=\"width: 21%; height: 40px; text-align: center; vertical-align: middle;\">D\u00e9flexion dynamique (D)<\/td>\n<td style=\"background-color: #404040; text-align: center; vertical-align: middle;\"><span style=\"color: #ffffff;\">0,7 m<\/span><\/td>\n<\/tr>\n<\/tbody>\n<\/table>\n[\/vc_column_text][\/vc_column][\/vc_row][vc_row center_row=\u00a0\u00bb\u00a0\u00bb][vc_column][vc_empty_space][\/vc_column][\/vc_row][vc_row column_spacing=\u00a0\u00bb20&Prime;][vc_column width=\u00a0\u00bb1\/3&Prime;][vc_text_separator title=\u00a0\u00bbProfil\u00a0\u00bb title_align=\u00a0\u00bbseparator_align_left\u00a0\u00bb element_type=\u00a0\u00bbh1&Prime; font_weight=\u00a0\u00bbnormal\u00a0\u00bb font_size=\u00a0\u00bb25&Prime; border_color=\u00a0\u00bb#ff0000&Prime;][\/vc_column][vc_column width=\u00a0\u00bb1\/3&Prime;][vc_single_image image=\u00a0\u00bb13495&Prime; onclick=\u00a0\u00bbimg_link_large\u00a0\u00bb][\/vc_column][vc_column width=\u00a0\u00bb1\/3&Prime;][vc_column_text]\n[\/vc_column_text][\/vc_column][\/vc_row][vc_row center_row=\u00a0\u00bb\u00a0\u00bb][vc_column][vc_empty_space][\/vc_column][\/vc_row][vc_row column_spacing=\u00a0\u00bb20&Prime;][vc_column width=\u00a0\u00bb2\/3&Prime; border_color=\u00a0\u00bb#ff0000&Prime; border_width=\u00a0\u00bbright\u00a0\u00bb min_height=\u00a0\u00bb600&Prime;][vc_text_separator title=\u00a0\u00bbComposants pour sections de 4 m\u00a0\u00bb title_align=\u00a0\u00bbseparator_align_left\u00a0\u00bb element_type=\u00a0\u00bbh1&Prime; font_weight=\u00a0\u00bbnormal\u00a0\u00bb font_size=\u00a0\u00bb25&Prime; border_color=\u00a0\u00bb#ff0000&Prime; css=\u00a0\u00bb.vc_custom_1657260302526{padding-bottom: 10px !important;}\u00a0\u00bb][vc_empty_space height=\u00a0\u00bb10px\u00a0\u00bb][vc_column_text css=\u00a0\u00bb.vc_custom_1657260335531{margin-bottom: 10px !important;}\u00a0\u00bb]\n<table style=\"width: 100%; height: auto;\">\n<tbody>\n<tr>\n<td style=\"width: 10%; text-align: center;\">Art.<\/td>\n<td style=\"width: 80%; text-align: center;\">\u00c9l\u00e9ment<\/td>\n<td style=\"width: 10%; text-align: center;\">Ut\u00e9.<\/td>\n<\/tr>\n<\/tbody>\n<\/table>\n[\/vc_column_text][vc_column_text css=\u00a0\u00bb.vc_custom_1657260663492{margin-bottom: 5px !important;}\u00a0\u00bb]\n<table style=\"border: 1px solid #404040; height: auto;\" border=\"1\" width=\"100%\" cellpadding=\"2\">\n<tbody>\n<tr>\n<td style=\"width: 10%; height: 30px; text-align: center; vertical-align: middle;\">1<\/td>\n<td style=\"width: 80%; background-color: #cccccc; height: 30px; text-align: left; vertical-align: middle;\">\u00a0 Glissi\u00e8re plane avec nez central de 4 300x392x4 mm<\/td>\n<td style=\"width: 10%; background-color: #424242; height: 30px; text-align: center; vertical-align: middle;\"><span style=\"color: #ffffff;\">1<\/span><\/td>\n<\/tr>\n<\/tbody>\n<\/table>\n[\/vc_column_text][vc_column_text css=\u00a0\u00bb.vc_custom_1657260681580{margin-bottom: 5px !important;}\u00a0\u00bb]\n<table style=\"border: 1px solid #404040; height: auto;\" border=\"1\" width=\"100%\" cellpadding=\"5\">\n<tbody>\n<tr>\n<td style=\"width: 10%; height: 30px; text-align: center; vertical-align: middle;\">2<\/td>\n<td style=\"width: 80%; background-color: #cccccc; height: 30px; text-align: left; vertical-align: middle;\">\u00a0 Poteau C-130x70x6 de 2 000 mm<\/td>\n<td style=\"width: 10%; background-color: #424242; height: 30px; text-align: center; vertical-align: middle;\"><span style=\"color: #ffffff;\">2<\/span><\/td>\n<\/tr>\n<\/tbody>\n<\/table>\n[\/vc_column_text][vc_column_text css=\u00a0\u00bb.vc_custom_1657260704068{margin-bottom: 5px !important;}\u00a0\u00bb]\n<table style=\"border: 1px solid #404040; height: auto;\" border=\"1\" width=\"100%\" cellpadding=\"5\">\n<tbody>\n<tr>\n<td style=\"width: 10%; height: 30px; text-align: center; vertical-align: middle;\">3<\/td>\n<td style=\"width: 80%; background-color: #cccccc; height: 30px; text-align: left; vertical-align: middle;\">\u00a0 \u00c9carteur trap\u00e9zo\u00efdal 500x354x6 mm<\/td>\n<td style=\"width: 10%; background-color: #424242; height: 30px; text-align: center; vertical-align: middle;\"><span style=\"color: #ffffff;\">2<\/span><\/td>\n<\/tr>\n<\/tbody>\n<\/table>\n[\/vc_column_text][vc_column_text css=\u00a0\u00bb.vc_custom_1657260721164{margin-bottom: 5px !important;}\u00a0\u00bb]\n<table style=\"border: 1px solid #404040; height: auto;\" border=\"1\" width=\"100%\" cellpadding=\"5\">\n<tbody>\n<tr>\n<td style=\"width: 10%; height: 30px; text-align: center; vertical-align: middle;\">4<\/td>\n<td style=\"width: 80%; background-color: #cccccc; height: 30px; text-align: left; vertical-align: middle;\">\u00a0 Boulon DIN 603 M16x140<\/td>\n<td style=\"width: 10%; background-color: #424242; height: 30px; text-align: center; vertical-align: middle;\"><span style=\"color: #ffffff;\">10<\/span><\/td>\n<\/tr>\n<\/tbody>\n<\/table>\n[\/vc_column_text][vc_column_text css=\u00a0\u00bb.vc_custom_1657260734739{margin-bottom: 5px !important;}\u00a0\u00bb]\n<table style=\"border: 1px solid #404040; height: auto;\" border=\"1\" width=\"100%\" cellpadding=\"5\">\n<tbody>\n<tr>\n<td style=\"width: 10%; height: 30px; text-align: center; vertical-align: middle;\">5<\/td>\n<td style=\"width: 80%; background-color: #cccccc; height: 30px; text-align: left; vertical-align: middle;\">\u00a0 Boulon DIN 603 M16x60<\/td>\n<td style=\"width: 10%; background-color: #424242; height: 30px; text-align: center; vertical-align: middle;\"><span style=\"color: #ffffff;\">2<\/span><\/td>\n<\/tr>\n<\/tbody>\n<\/table>\n[\/vc_column_text][vc_column_text css=\u00a0\u00bb.vc_custom_1657260747491{margin-bottom: 5px !important;}\u00a0\u00bb]\n<table style=\"border: 1px solid #404040; height: auto;\" border=\"1\" width=\"100%\" cellpadding=\"5\">\n<tbody>\n<tr>\n<td style=\"width: 10%; height: 30px; text-align: center; vertical-align: middle;\">6<\/td>\n<td style=\"width: 80%; background-color: #cccccc; height: 30px; text-align: left; vertical-align: middle;\">\u00a0 Boulon TH DIN 933 M16x50<\/td>\n<td style=\"width: 10%; background-color: #424242; height: 30px; text-align: center; vertical-align: middle;\"><span style=\"color: #ffffff;\">22<\/span><\/td>\n<\/tr>\n<\/tbody>\n<\/table>\n[\/vc_column_text][vc_column_text css=\u00a0\u00bb.vc_custom_1657260762220{margin-bottom: 5px !important;}\u00a0\u00bb]\n<table style=\"border: 1px solid #404040; height: auto;\" border=\"1\" width=\"100%\" cellpadding=\"5\">\n<tbody>\n<tr>\n<td style=\"width: 10%; height: 30px; text-align: center; vertical-align: middle;\">7<\/td>\n<td style=\"width: 80%; background-color: #cccccc; height: 30px; text-align: left; vertical-align: middle;\">\u00a0 \u00c9crou DIN 934 M16<\/td>\n<td style=\"width: 10%; background-color: #424242; height: 30px; text-align: center; vertical-align: middle;\"><span style=\"color: #ffffff;\">34<\/span><\/td>\n<\/tr>\n<\/tbody>\n<\/table>\n[\/vc_column_text][vc_column_text css=\u00a0\u00bb.vc_custom_1657260776043{margin-bottom: 5px !important;}\u00a0\u00bb]\n<table style=\"border: 1px solid #404040; height: auto;\" border=\"1\" width=\"100%\" cellpadding=\"5\">\n<tbody>\n<tr>\n<td style=\"width: 10%; height: 30px; text-align: center; vertical-align: middle;\">8<\/td>\n<td style=\"width: 80%; background-color: #cccccc; height: 30px; text-align: left; vertical-align: middle;\">\u00a0 Rondelle \u00d817x35x4<\/td>\n<td style=\"width: 10%; background-color: #424242; height: 30px; text-align: center; vertical-align: middle;\"><span style=\"color: #ffffff;\">56<\/span><\/td>\n<\/tr>\n<\/tbody>\n<\/table>\n[\/vc_column_text][vc_column_text css=\u00a0\u00bb.vc_custom_1657260790301{margin-bottom: 5px !important;}\u00a0\u00bb]\n<table style=\"border: 1px solid #404040; height: auto;\" border=\"1\" width=\"100%\" cellpadding=\"5\">\n<tbody>\n<tr>\n<td style=\"width: 10%; height: 30px; text-align: center; vertical-align: middle;\">9<\/td>\n<td style=\"width: 80%; background-color: #cccccc; height: 30px; text-align: left; vertical-align: middle;\">\u00a0 Protecteur lat\u00e9ral en bois pour poteau 735x125x20 mm<\/td>\n<td style=\"width: 10%; background-color: #424242; height: 30px; text-align: center; vertical-align: middle;\"><span style=\"color: #ffffff;\">4<\/span><\/td>\n<\/tr>\n<\/tbody>\n<\/table>\n[\/vc_column_text][vc_column_text css=\u00a0\u00bb.vc_custom_1657260803491{margin-bottom: 5px !important;}\u00a0\u00bb]\n<table style=\"border: 1px solid #404040; height: auto;\" border=\"1\" width=\"100%\" cellpadding=\"5\">\n<tbody>\n<tr>\n<td style=\"width: 10%; height: 30px; text-align: center; vertical-align: middle;\">10<\/td>\n<td style=\"width: 80%; background-color: #cccccc; height: 30px; text-align: left; vertical-align: middle;\">\u00a0 Protecteur frontal en bois pour poteau 500x105x20 mm<\/td>\n<td style=\"width: 10%; background-color: #424242; height: 30px; text-align: center; vertical-align: middle;\"><span style=\"color: #ffffff;\">2<\/span><\/td>\n<\/tr>\n<\/tbody>\n<\/table>\n[\/vc_column_text][vc_column_text css=\u00a0\u00bb.vc_custom_1657260816994{margin-bottom: 5px !important;}\u00a0\u00bb]\n<table style=\"border: 1px solid #404040; height: auto;\" border=\"1\" width=\"100%\" cellpadding=\"5\">\n<tbody>\n<tr>\n<td style=\"width: 10%; height: 30px; text-align: center; vertical-align: middle;\">11<\/td>\n<td style=\"width: 80%; background-color: #cccccc; height: 30px; text-align: left; vertical-align: middle;\">\u00a0 Longrine en bois \u00d8200 mm et 3 990 mm<\/td>\n<td style=\"width: 10%; background-color: #424242; height: 30px; text-align: center; vertical-align: middle;\"><span style=\"color: #ffffff;\">2<\/span><\/td>\n<\/tr>\n<\/tbody>\n<\/table>\n[\/vc_column_text][\/vc_column][vc_column width=\u00a0\u00bb1\/3&Prime;][vc_text_separator title=\u00a0\u00bbD\u00e9tails de la boulonnerie\u00a0\u00bb title_align=\u00a0\u00bbseparator_align_left\u00a0\u00bb element_type=\u00a0\u00bbh1&Prime; font_weight=\u00a0\u00bbnormal\u00a0\u00bb font_size=\u00a0\u00bb25&Prime; border_color=\u00a0\u00bb#ff0000&Prime;][vc_empty_space height=\u00a0\u00bb60px\u00a0\u00bb][vc_single_image image=\u00a0\u00bb15476&Prime; onclick=\u00a0\u00bbimg_link_large\u00a0\u00bb][vc_single_image image=\u00a0\u00bb15480&Prime; onclick=\u00a0\u00bbimg_link_large\u00a0\u00bb][\/vc_column][\/vc_row][vc_row center_row=\u00a0\u00bb\u00a0\u00bb][vc_column width=\u00a0\u00bb1\/2&Prime;][\/vc_column][vc_column width=\u00a0\u00bb1\/2&Prime;][vc_empty_space][vc_row_inner][vc_column_inner style=\u00a0\u00bbdefault\u00a0\u00bb visibility=\u00a0\u00bb\u00a0\u00bb css_animation=\u00a0\u00bb\u00a0\u00bb drop_shadow=\u00a0\u00bb\u00a0\u00bb bg_style=\u00a0\u00bbstretch\u00a0\u00bb][vc_empty_space][vc_single_image image=\u00a0\u00bb13097&Prime; img_size=\u00a0\u00bb64&#215;64&Prime; alignment=\u00a0\u00bbcenter\u00a0\u00bb][vc_column_text]\n<p style=\"text-align: center;\"><a title=\"T\u00e9l\u00e9charger la fiche en PDF\" href=\"https:\/\/www.asebal.com\/wp-content\/uploads\/2022\/07\/AF-Sistema-AS-MA2.A-FR.pdf\" target=\"_blank\" rel=\"noopener\">T\u00e9l\u00e9charger la fiche en PDF<\/a><\/p>\n[\/vc_column_text][\/vc_column_inner][\/vc_row_inner][\/vc_column][\/vc_row]\n","protected":false},"excerpt":{"rendered":"<p>[vc_row column_spacing=\u00a0\u00bb20&Prime;][vc_column][rev_slider_vc alias=\u00a0\u00bbas-ma2-a\u00a0\u00bb][\/vc_column][\/vc_row][vc_row column_spacing=\u00a0\u00bb20&Prime;][vc_column][vc_text_separator title=\u00a0\u00bbD\u00e9finition\u00a0\u00bb title_align=\u00a0\u00bbseparator_align_left\u00a0\u00bb element_type=\u00a0\u00bbh1&Prime; font_size=\u00a0\u00bb25&Prime; font_weight=\u00a0\u00bbnormal\u00a0\u00bb border_color=\u00a0\u00bb#ff0000&Prime; css=\u00a0\u00bb.vc_custom_1657260186623{padding-bottom: 10px !important;}\u00a0\u00bb el_class=\u00a0\u00bbh1&Prime;][vc_column_text el_class=\u00a0\u00bbline-height: 1.2&Prime;]Dispositif mixte m\u00e9tal-bois pour accotement, compos\u00e9 d\u2019une glissi\u00e8re m\u00e9tallique avec \u00e9carteur et poteaux C espac\u00e9sde 2 m\u00e8tres. La glissi\u00e8re et les poteaux sont rev\u00eatus de&hellip;<\/p>\n","protected":false},"author":2,"featured_media":0,"parent":14862,"menu_order":0,"comment_status":"open","ping_status":"open","template":"","meta":{"footnotes":""},"yoast_head":"<!-- This site is optimized with the Yoast SEO plugin v22.0 - https:\/\/yoast.com\/wordpress\/plugins\/seo\/ -->\n<title>AS-MA2.A (H2-W3-B) - Asebal<\/title>\n<meta name=\"robots\" content=\"index, follow, max-snippet:-1, max-image-preview:large, max-video-preview:-1\" \/>\n<link rel=\"canonical\" href=\"https:\/\/www.asebal.com\/fr\/equipement-routier\/glissieres-de-securite\/mixtes-metal-bois\/as-ma2-a-h2-w3-b\/\" \/>\n<meta property=\"og:locale\" content=\"fr_FR\" \/>\n<meta property=\"og:type\" content=\"article\" \/>\n<meta property=\"og:title\" content=\"AS-MA2.A (H2-W3-B) - Asebal\" \/>\n<meta property=\"og:description\" content=\"[vc_row column_spacing=\u00a0\u00bb20&Prime;][vc_column][rev_slider_vc alias=\u00a0\u00bbas-ma2-a\u00a0\u00bb][\/vc_column][\/vc_row][vc_row column_spacing=\u00a0\u00bb20&Prime;][vc_column][vc_text_separator title=\u00a0\u00bbD\u00e9finition\u00a0\u00bb title_align=\u00a0\u00bbseparator_align_left\u00a0\u00bb element_type=\u00a0\u00bbh1&Prime; font_size=\u00a0\u00bb25&Prime; font_weight=\u00a0\u00bbnormal\u00a0\u00bb border_color=\u00a0\u00bb#ff0000&Prime; css=\u00a0\u00bb.vc_custom_1657260186623{padding-bottom: 10px !important;}\u00a0\u00bb el_class=\u00a0\u00bbh1&Prime;][vc_column_text el_class=\u00a0\u00bbline-height: 1.2&Prime;]Dispositif mixte m\u00e9tal-bois pour accotement, compos\u00e9 d\u2019une glissi\u00e8re m\u00e9tallique avec \u00e9carteur et poteaux C espac\u00e9sde 2 m\u00e8tres. La glissi\u00e8re et les poteaux sont rev\u00eatus de&hellip;\" \/>\n<meta property=\"og:url\" content=\"https:\/\/www.asebal.com\/fr\/equipement-routier\/glissieres-de-securite\/mixtes-metal-bois\/as-ma2-a-h2-w3-b\/\" \/>\n<meta property=\"og:site_name\" content=\"Asebal\" \/>\n<meta property=\"article:modified_time\" content=\"2022-07-08T06:31:55+00:00\" \/>\n<meta name=\"twitter:card\" content=\"summary_large_image\" \/>\n<meta name=\"twitter:label1\" content=\"Dur\u00e9e de lecture estim\u00e9e\" \/>\n\t<meta name=\"twitter:data1\" content=\"2 minutes\" \/>\n<script type=\"application\/ld+json\" class=\"yoast-schema-graph\">{\"@context\":\"https:\/\/schema.org\",\"@graph\":[{\"@type\":\"WebPage\",\"@id\":\"https:\/\/www.asebal.com\/fr\/equipement-routier\/glissieres-de-securite\/mixtes-metal-bois\/as-ma2-a-h2-w3-b\/\",\"url\":\"https:\/\/www.asebal.com\/fr\/equipement-routier\/glissieres-de-securite\/mixtes-metal-bois\/as-ma2-a-h2-w3-b\/\",\"name\":\"AS-MA2.A (H2-W3-B) - Asebal\",\"isPartOf\":{\"@id\":\"https:\/\/www.asebal.com\/#website\"},\"datePublished\":\"2022-07-08T06:06:01+00:00\",\"dateModified\":\"2022-07-08T06:31:55+00:00\",\"breadcrumb\":{\"@id\":\"https:\/\/www.asebal.com\/fr\/equipement-routier\/glissieres-de-securite\/mixtes-metal-bois\/as-ma2-a-h2-w3-b\/#breadcrumb\"},\"inLanguage\":\"fr-FR\",\"potentialAction\":[{\"@type\":\"ReadAction\",\"target\":[\"https:\/\/www.asebal.com\/fr\/equipement-routier\/glissieres-de-securite\/mixtes-metal-bois\/as-ma2-a-h2-w3-b\/\"]}]},{\"@type\":\"BreadcrumbList\",\"@id\":\"https:\/\/www.asebal.com\/fr\/equipement-routier\/glissieres-de-securite\/mixtes-metal-bois\/as-ma2-a-h2-w3-b\/#breadcrumb\",\"itemListElement\":[{\"@type\":\"ListItem\",\"position\":1,\"name\":\"\",\"item\":\"https:\/\/www.asebal.com\/fr\/\"},{\"@type\":\"ListItem\",\"position\":2,\"name\":\"\u00c9quipement routier\",\"item\":\"https:\/\/www.asebal.com\/fr\/equipement-routier\/\"},{\"@type\":\"ListItem\",\"position\":3,\"name\":\"Glissi\u00e8res de s\u00e9curit\u00e9\",\"item\":\"https:\/\/www.asebal.com\/fr\/equipement-routier\/glissieres-de-securite\/\"},{\"@type\":\"ListItem\",\"position\":4,\"name\":\"Mixtes M\u00e9tal-Bois\",\"item\":\"https:\/\/www.asebal.com\/fr\/equipement-routier\/glissieres-de-securite\/mixtes-metal-bois\/\"},{\"@type\":\"ListItem\",\"position\":5,\"name\":\"AS-MA2.A (H2-W3-B)\"}]},{\"@type\":\"WebSite\",\"@id\":\"https:\/\/www.asebal.com\/#website\",\"url\":\"https:\/\/www.asebal.com\/\",\"name\":\"Asebal\",\"description\":\"Otro sitio realizado con WordPress\",\"publisher\":{\"@id\":\"https:\/\/www.asebal.com\/#organization\"},\"potentialAction\":[{\"@type\":\"SearchAction\",\"target\":{\"@type\":\"EntryPoint\",\"urlTemplate\":\"https:\/\/www.asebal.com\/?s={search_term_string}\"},\"query-input\":\"required name=search_term_string\"}],\"inLanguage\":\"fr-FR\"},{\"@type\":\"Organization\",\"@id\":\"https:\/\/www.asebal.com\/#organization\",\"name\":\"Asebal\",\"url\":\"https:\/\/www.asebal.com\/\",\"logo\":{\"@type\":\"ImageObject\",\"inLanguage\":\"fr-FR\",\"@id\":\"https:\/\/www.asebal.com\/#\/schema\/logo\/image\/\",\"url\":\"https:\/\/www.asebal.com\/wp-content\/uploads\/2015\/06\/logo-asebal1.png\",\"contentUrl\":\"https:\/\/www.asebal.com\/wp-content\/uploads\/2015\/06\/logo-asebal1.png\",\"width\":265,\"height\":50,\"caption\":\"Asebal\"},\"image\":{\"@id\":\"https:\/\/www.asebal.com\/#\/schema\/logo\/image\/\"}}]}<\/script>\n<!-- \/ Yoast SEO plugin. -->","yoast_head_json":{"title":"AS-MA2.A (H2-W3-B) - Asebal","robots":{"index":"index","follow":"follow","max-snippet":"max-snippet:-1","max-image-preview":"max-image-preview:large","max-video-preview":"max-video-preview:-1"},"canonical":"https:\/\/www.asebal.com\/fr\/equipement-routier\/glissieres-de-securite\/mixtes-metal-bois\/as-ma2-a-h2-w3-b\/","og_locale":"fr_FR","og_type":"article","og_title":"AS-MA2.A (H2-W3-B) - Asebal","og_description":"[vc_row column_spacing=\u00a0\u00bb20&Prime;][vc_column][rev_slider_vc alias=\u00a0\u00bbas-ma2-a\u00a0\u00bb][\/vc_column][\/vc_row][vc_row column_spacing=\u00a0\u00bb20&Prime;][vc_column][vc_text_separator title=\u00a0\u00bbD\u00e9finition\u00a0\u00bb title_align=\u00a0\u00bbseparator_align_left\u00a0\u00bb element_type=\u00a0\u00bbh1&Prime; font_size=\u00a0\u00bb25&Prime; font_weight=\u00a0\u00bbnormal\u00a0\u00bb border_color=\u00a0\u00bb#ff0000&Prime; css=\u00a0\u00bb.vc_custom_1657260186623{padding-bottom: 10px !important;}\u00a0\u00bb el_class=\u00a0\u00bbh1&Prime;][vc_column_text el_class=\u00a0\u00bbline-height: 1.2&Prime;]Dispositif mixte m\u00e9tal-bois pour accotement, compos\u00e9 d\u2019une glissi\u00e8re m\u00e9tallique avec \u00e9carteur et poteaux C espac\u00e9sde 2 m\u00e8tres. La glissi\u00e8re et les poteaux sont rev\u00eatus de&hellip;","og_url":"https:\/\/www.asebal.com\/fr\/equipement-routier\/glissieres-de-securite\/mixtes-metal-bois\/as-ma2-a-h2-w3-b\/","og_site_name":"Asebal","article_modified_time":"2022-07-08T06:31:55+00:00","twitter_card":"summary_large_image","twitter_misc":{"Dur\u00e9e de lecture estim\u00e9e":"2 minutes"},"schema":{"@context":"https:\/\/schema.org","@graph":[{"@type":"WebPage","@id":"https:\/\/www.asebal.com\/fr\/equipement-routier\/glissieres-de-securite\/mixtes-metal-bois\/as-ma2-a-h2-w3-b\/","url":"https:\/\/www.asebal.com\/fr\/equipement-routier\/glissieres-de-securite\/mixtes-metal-bois\/as-ma2-a-h2-w3-b\/","name":"AS-MA2.A (H2-W3-B) - Asebal","isPartOf":{"@id":"https:\/\/www.asebal.com\/#website"},"datePublished":"2022-07-08T06:06:01+00:00","dateModified":"2022-07-08T06:31:55+00:00","breadcrumb":{"@id":"https:\/\/www.asebal.com\/fr\/equipement-routier\/glissieres-de-securite\/mixtes-metal-bois\/as-ma2-a-h2-w3-b\/#breadcrumb"},"inLanguage":"fr-FR","potentialAction":[{"@type":"ReadAction","target":["https:\/\/www.asebal.com\/fr\/equipement-routier\/glissieres-de-securite\/mixtes-metal-bois\/as-ma2-a-h2-w3-b\/"]}]},{"@type":"BreadcrumbList","@id":"https:\/\/www.asebal.com\/fr\/equipement-routier\/glissieres-de-securite\/mixtes-metal-bois\/as-ma2-a-h2-w3-b\/#breadcrumb","itemListElement":[{"@type":"ListItem","position":1,"name":"","item":"https:\/\/www.asebal.com\/fr\/"},{"@type":"ListItem","position":2,"name":"\u00c9quipement routier","item":"https:\/\/www.asebal.com\/fr\/equipement-routier\/"},{"@type":"ListItem","position":3,"name":"Glissi\u00e8res de s\u00e9curit\u00e9","item":"https:\/\/www.asebal.com\/fr\/equipement-routier\/glissieres-de-securite\/"},{"@type":"ListItem","position":4,"name":"Mixtes M\u00e9tal-Bois","item":"https:\/\/www.asebal.com\/fr\/equipement-routier\/glissieres-de-securite\/mixtes-metal-bois\/"},{"@type":"ListItem","position":5,"name":"AS-MA2.A (H2-W3-B)"}]},{"@type":"WebSite","@id":"https:\/\/www.asebal.com\/#website","url":"https:\/\/www.asebal.com\/","name":"Asebal","description":"Otro sitio realizado con WordPress","publisher":{"@id":"https:\/\/www.asebal.com\/#organization"},"potentialAction":[{"@type":"SearchAction","target":{"@type":"EntryPoint","urlTemplate":"https:\/\/www.asebal.com\/?s={search_term_string}"},"query-input":"required name=search_term_string"}],"inLanguage":"fr-FR"},{"@type":"Organization","@id":"https:\/\/www.asebal.com\/#organization","name":"Asebal","url":"https:\/\/www.asebal.com\/","logo":{"@type":"ImageObject","inLanguage":"fr-FR","@id":"https:\/\/www.asebal.com\/#\/schema\/logo\/image\/","url":"https:\/\/www.asebal.com\/wp-content\/uploads\/2015\/06\/logo-asebal1.png","contentUrl":"https:\/\/www.asebal.com\/wp-content\/uploads\/2015\/06\/logo-asebal1.png","width":265,"height":50,"caption":"Asebal"},"image":{"@id":"https:\/\/www.asebal.com\/#\/schema\/logo\/image\/"}}]}},"_links":{"self":[{"href":"https:\/\/www.asebal.com\/fr\/wp-json\/wp\/v2\/pages\/15464"}],"collection":[{"href":"https:\/\/www.asebal.com\/fr\/wp-json\/wp\/v2\/pages"}],"about":[{"href":"https:\/\/www.asebal.com\/fr\/wp-json\/wp\/v2\/types\/page"}],"author":[{"embeddable":true,"href":"https:\/\/www.asebal.com\/fr\/wp-json\/wp\/v2\/users\/2"}],"replies":[{"embeddable":true,"href":"https:\/\/www.asebal.com\/fr\/wp-json\/wp\/v2\/comments?post=15464"}],"version-history":[{"count":7,"href":"https:\/\/www.asebal.com\/fr\/wp-json\/wp\/v2\/pages\/15464\/revisions"}],"predecessor-version":[{"id":15483,"href":"https:\/\/www.asebal.com\/fr\/wp-json\/wp\/v2\/pages\/15464\/revisions\/15483"}],"up":[{"embeddable":true,"href":"https:\/\/www.asebal.com\/fr\/wp-json\/wp\/v2\/pages\/14862"}],"wp:attachment":[{"href":"https:\/\/www.asebal.com\/fr\/wp-json\/wp\/v2\/media?parent=15464"}],"curies":[{"name":"wp","href":"https:\/\/api.w.org\/{rel}","templated":true}]}}