{"id":15093,"date":"2022-07-01T08:10:00","date_gmt":"2022-07-01T08:10:00","guid":{"rendered":"https:\/\/www.asebal.com\/?page_id=15093"},"modified":"2022-07-01T08:21:31","modified_gmt":"2022-07-01T08:21:31","slug":"garde-corps-pma2-12a","status":"publish","type":"page","link":"https:\/\/www.asebal.com\/fr\/equipement-routier\/garde-corps-pour-ponts\/autres-modeles\/garde-corps-pma2-12a\/","title":{"rendered":"Garde-corps PMA2\/12a"},"content":{"rendered":"[vc_row column_spacing=\u00a0\u00bb20&Prime;][vc_column][rev_slider_vc alias=\u00a0\u00bbpretil-pma2-12a-fr\u00a0\u00bb][\/vc_column][\/vc_row][vc_row column_spacing=\u00a0\u00bb20&Prime;][vc_column width=\u00a0\u00bb1\/2&Prime;][vc_text_separator title=\u00a0\u00bbCaract\u00e9ristiques techniques\u00a0\u00bb title_align=\u00a0\u00bbseparator_align_left\u00a0\u00bb element_type=\u00a0\u00bbh1&Prime; font_size=\u00a0\u00bb25&Prime; font_weight=\u00a0\u00bbnormal\u00a0\u00bb border_color=\u00a0\u00bb#ff0000&Prime; css=\u00a0\u00bb.vc_custom_1656663024379{padding-bottom: 10px !important;}\u00a0\u00bb el_class=\u00a0\u00bbh1&Prime;][vc_column_text el_class=\u00a0\u00bbline-height: 1.2&Prime;]Son utilisation est recommand\u00e9e dans les ouvrages d\u2019art existants ou neufs et dans les acc\u00e8s aux ouvrages d\u2019art.<\/p>\n<p>Le poteau est pr\u00e9vu pour deux tubes et une glissi\u00e8re, r\u00e9duite ou avec son \u00e9carteur ; sa hauteur est de 1200 mm. Il peut \u00eatre fabriqu\u00e9 avec ou sans plaque de base.<\/p>\n<p>Le tube peut \u00eatre de \u00d860&#215;2 ou \u00d860&#215;3 mm. Des coudes \u00e0 deux sorties sont utilis\u00e9s pour les extr\u00e9mit\u00e9s.[\/vc_column_text][\/vc_column][vc_column width=\u00a0\u00bb1\/2&Prime;][vc_empty_space][vc_single_image image=\u00a0\u00bb13263&Prime; alignment=\u00a0\u00bbcenter\u00a0\u00bb][\/vc_column][\/vc_row][vc_row column_spacing=\u00a0\u00bb20&Prime;][vc_column width=\u00a0\u00bb1\/2&Prime;][vc_empty_space][\/vc_column][vc_column width=\u00a0\u00bb1\/2&Prime;][vc_empty_space][vc_row_inner][vc_column_inner style=\u00a0\u00bbdefault\u00a0\u00bb visibility=\u00a0\u00bb\u00a0\u00bb css_animation=\u00a0\u00bb\u00a0\u00bb drop_shadow=\u00a0\u00bb\u00a0\u00bb bg_style=\u00a0\u00bbstretch\u00a0\u00bb][vc_empty_space][vc_single_image image=\u00a0\u00bb13097&Prime; img_size=\u00a0\u00bb64&#215;64&Prime; alignment=\u00a0\u00bbcenter\u00a0\u00bb][vc_column_text]\n<p style=\"text-align: center;\"><a title=\"T\u00e9l\u00e9charger la fiche en Pdf\" href=\"https:\/\/www.asebal.com\/wp-content\/uploads\/2022\/07\/Pretil-PMA2-12a-FR.pdf\" target=\"_blank\" rel=\"noopener\">T\u00e9l\u00e9charger la fiche en Pdf<\/a><\/p>\n[\/vc_column_text][\/vc_column_inner][\/vc_row_inner][\/vc_column][\/vc_row]\n","protected":false},"excerpt":{"rendered":"<p>[vc_row column_spacing=\u00a0\u00bb20&Prime;][vc_column][rev_slider_vc alias=\u00a0\u00bbpretil-pma2-12a-fr\u00a0\u00bb][\/vc_column][\/vc_row][vc_row column_spacing=\u00a0\u00bb20&Prime;][vc_column width=\u00a0\u00bb1\/2&Prime;][vc_text_separator title=\u00a0\u00bbCaract\u00e9ristiques techniques\u00a0\u00bb title_align=\u00a0\u00bbseparator_align_left\u00a0\u00bb element_type=\u00a0\u00bbh1&Prime; font_size=\u00a0\u00bb25&Prime; font_weight=\u00a0\u00bbnormal\u00a0\u00bb border_color=\u00a0\u00bb#ff0000&Prime; css=\u00a0\u00bb.vc_custom_1656663024379{padding-bottom: 10px !important;}\u00a0\u00bb el_class=\u00a0\u00bbh1&Prime;][vc_column_text el_class=\u00a0\u00bbline-height: 1.2&Prime;]Son utilisation est recommand\u00e9e dans les ouvrages d\u2019art existants ou neufs et dans les acc\u00e8s aux ouvrages d\u2019art. Le poteau est pr\u00e9vu pour&hellip;<\/p>\n","protected":false},"author":2,"featured_media":0,"parent":14880,"menu_order":0,"comment_status":"open","ping_status":"open","template":"","meta":{"footnotes":""},"yoast_head":"<!-- This site is optimized with the Yoast SEO plugin v22.0 - https:\/\/yoast.com\/wordpress\/plugins\/seo\/ -->\n<title>Garde-corps PMA2\/12a - Asebal<\/title>\n<meta name=\"robots\" content=\"index, follow, max-snippet:-1, max-image-preview:large, max-video-preview:-1\" \/>\n<link rel=\"canonical\" href=\"https:\/\/www.asebal.com\/fr\/equipement-routier\/garde-corps-pour-ponts\/autres-modeles\/garde-corps-pma2-12a\/\" \/>\n<meta property=\"og:locale\" content=\"fr_FR\" \/>\n<meta property=\"og:type\" content=\"article\" \/>\n<meta property=\"og:title\" content=\"Garde-corps PMA2\/12a - Asebal\" \/>\n<meta property=\"og:description\" content=\"[vc_row column_spacing=\u00a0\u00bb20&Prime;][vc_column][rev_slider_vc alias=\u00a0\u00bbpretil-pma2-12a-fr\u00a0\u00bb][\/vc_column][\/vc_row][vc_row column_spacing=\u00a0\u00bb20&Prime;][vc_column width=\u00a0\u00bb1\/2&Prime;][vc_text_separator title=\u00a0\u00bbCaract\u00e9ristiques techniques\u00a0\u00bb title_align=\u00a0\u00bbseparator_align_left\u00a0\u00bb element_type=\u00a0\u00bbh1&Prime; font_size=\u00a0\u00bb25&Prime; font_weight=\u00a0\u00bbnormal\u00a0\u00bb border_color=\u00a0\u00bb#ff0000&Prime; css=\u00a0\u00bb.vc_custom_1656663024379{padding-bottom: 10px !important;}\u00a0\u00bb el_class=\u00a0\u00bbh1&Prime;][vc_column_text el_class=\u00a0\u00bbline-height: 1.2&Prime;]Son utilisation est recommand\u00e9e dans les ouvrages d\u2019art existants ou neufs et dans les acc\u00e8s aux ouvrages d\u2019art. Le poteau est pr\u00e9vu pour&hellip;\" \/>\n<meta property=\"og:url\" content=\"https:\/\/www.asebal.com\/fr\/equipement-routier\/garde-corps-pour-ponts\/autres-modeles\/garde-corps-pma2-12a\/\" \/>\n<meta property=\"og:site_name\" content=\"Asebal\" \/>\n<meta property=\"article:modified_time\" content=\"2022-07-01T08:21:31+00:00\" \/>\n<meta name=\"twitter:card\" content=\"summary_large_image\" \/>\n<meta name=\"twitter:label1\" content=\"Dur\u00e9e de lecture estim\u00e9e\" \/>\n\t<meta name=\"twitter:data1\" content=\"1 minute\" \/>\n<script type=\"application\/ld+json\" class=\"yoast-schema-graph\">{\"@context\":\"https:\/\/schema.org\",\"@graph\":[{\"@type\":\"WebPage\",\"@id\":\"https:\/\/www.asebal.com\/fr\/equipement-routier\/garde-corps-pour-ponts\/autres-modeles\/garde-corps-pma2-12a\/\",\"url\":\"https:\/\/www.asebal.com\/fr\/equipement-routier\/garde-corps-pour-ponts\/autres-modeles\/garde-corps-pma2-12a\/\",\"name\":\"Garde-corps PMA2\/12a - Asebal\",\"isPartOf\":{\"@id\":\"https:\/\/www.asebal.com\/#website\"},\"datePublished\":\"2022-07-01T08:10:00+00:00\",\"dateModified\":\"2022-07-01T08:21:31+00:00\",\"breadcrumb\":{\"@id\":\"https:\/\/www.asebal.com\/fr\/equipement-routier\/garde-corps-pour-ponts\/autres-modeles\/garde-corps-pma2-12a\/#breadcrumb\"},\"inLanguage\":\"fr-FR\",\"potentialAction\":[{\"@type\":\"ReadAction\",\"target\":[\"https:\/\/www.asebal.com\/fr\/equipement-routier\/garde-corps-pour-ponts\/autres-modeles\/garde-corps-pma2-12a\/\"]}]},{\"@type\":\"BreadcrumbList\",\"@id\":\"https:\/\/www.asebal.com\/fr\/equipement-routier\/garde-corps-pour-ponts\/autres-modeles\/garde-corps-pma2-12a\/#breadcrumb\",\"itemListElement\":[{\"@type\":\"ListItem\",\"position\":1,\"name\":\"\",\"item\":\"https:\/\/www.asebal.com\/fr\/\"},{\"@type\":\"ListItem\",\"position\":2,\"name\":\"\u00c9quipement routier\",\"item\":\"https:\/\/www.asebal.com\/fr\/equipement-routier\/\"},{\"@type\":\"ListItem\",\"position\":3,\"name\":\"Garde-corps pour ponts\",\"item\":\"https:\/\/www.asebal.com\/fr\/equipement-routier\/garde-corps-pour-ponts\/\"},{\"@type\":\"ListItem\",\"position\":4,\"name\":\"Autres mod\u00e8les\",\"item\":\"https:\/\/www.asebal.com\/fr\/equipement-routier\/garde-corps-pour-ponts\/autres-modeles\/\"},{\"@type\":\"ListItem\",\"position\":5,\"name\":\"Garde-corps PMA2\/12a\"}]},{\"@type\":\"WebSite\",\"@id\":\"https:\/\/www.asebal.com\/#website\",\"url\":\"https:\/\/www.asebal.com\/\",\"name\":\"Asebal\",\"description\":\"Otro sitio realizado con WordPress\",\"publisher\":{\"@id\":\"https:\/\/www.asebal.com\/#organization\"},\"potentialAction\":[{\"@type\":\"SearchAction\",\"target\":{\"@type\":\"EntryPoint\",\"urlTemplate\":\"https:\/\/www.asebal.com\/?s={search_term_string}\"},\"query-input\":\"required name=search_term_string\"}],\"inLanguage\":\"fr-FR\"},{\"@type\":\"Organization\",\"@id\":\"https:\/\/www.asebal.com\/#organization\",\"name\":\"Asebal\",\"url\":\"https:\/\/www.asebal.com\/\",\"logo\":{\"@type\":\"ImageObject\",\"inLanguage\":\"fr-FR\",\"@id\":\"https:\/\/www.asebal.com\/#\/schema\/logo\/image\/\",\"url\":\"https:\/\/www.asebal.com\/wp-content\/uploads\/2015\/06\/logo-asebal1.png\",\"contentUrl\":\"https:\/\/www.asebal.com\/wp-content\/uploads\/2015\/06\/logo-asebal1.png\",\"width\":265,\"height\":50,\"caption\":\"Asebal\"},\"image\":{\"@id\":\"https:\/\/www.asebal.com\/#\/schema\/logo\/image\/\"}}]}<\/script>\n<!-- \/ Yoast SEO plugin. -->","yoast_head_json":{"title":"Garde-corps PMA2\/12a - Asebal","robots":{"index":"index","follow":"follow","max-snippet":"max-snippet:-1","max-image-preview":"max-image-preview:large","max-video-preview":"max-video-preview:-1"},"canonical":"https:\/\/www.asebal.com\/fr\/equipement-routier\/garde-corps-pour-ponts\/autres-modeles\/garde-corps-pma2-12a\/","og_locale":"fr_FR","og_type":"article","og_title":"Garde-corps PMA2\/12a - Asebal","og_description":"[vc_row column_spacing=\u00a0\u00bb20&Prime;][vc_column][rev_slider_vc alias=\u00a0\u00bbpretil-pma2-12a-fr\u00a0\u00bb][\/vc_column][\/vc_row][vc_row column_spacing=\u00a0\u00bb20&Prime;][vc_column width=\u00a0\u00bb1\/2&Prime;][vc_text_separator title=\u00a0\u00bbCaract\u00e9ristiques techniques\u00a0\u00bb title_align=\u00a0\u00bbseparator_align_left\u00a0\u00bb element_type=\u00a0\u00bbh1&Prime; font_size=\u00a0\u00bb25&Prime; font_weight=\u00a0\u00bbnormal\u00a0\u00bb border_color=\u00a0\u00bb#ff0000&Prime; css=\u00a0\u00bb.vc_custom_1656663024379{padding-bottom: 10px !important;}\u00a0\u00bb el_class=\u00a0\u00bbh1&Prime;][vc_column_text el_class=\u00a0\u00bbline-height: 1.2&Prime;]Son utilisation est recommand\u00e9e dans les ouvrages d\u2019art existants ou neufs et dans les acc\u00e8s aux ouvrages d\u2019art. Le poteau est pr\u00e9vu pour&hellip;","og_url":"https:\/\/www.asebal.com\/fr\/equipement-routier\/garde-corps-pour-ponts\/autres-modeles\/garde-corps-pma2-12a\/","og_site_name":"Asebal","article_modified_time":"2022-07-01T08:21:31+00:00","twitter_card":"summary_large_image","twitter_misc":{"Dur\u00e9e de lecture estim\u00e9e":"1 minute"},"schema":{"@context":"https:\/\/schema.org","@graph":[{"@type":"WebPage","@id":"https:\/\/www.asebal.com\/fr\/equipement-routier\/garde-corps-pour-ponts\/autres-modeles\/garde-corps-pma2-12a\/","url":"https:\/\/www.asebal.com\/fr\/equipement-routier\/garde-corps-pour-ponts\/autres-modeles\/garde-corps-pma2-12a\/","name":"Garde-corps PMA2\/12a - Asebal","isPartOf":{"@id":"https:\/\/www.asebal.com\/#website"},"datePublished":"2022-07-01T08:10:00+00:00","dateModified":"2022-07-01T08:21:31+00:00","breadcrumb":{"@id":"https:\/\/www.asebal.com\/fr\/equipement-routier\/garde-corps-pour-ponts\/autres-modeles\/garde-corps-pma2-12a\/#breadcrumb"},"inLanguage":"fr-FR","potentialAction":[{"@type":"ReadAction","target":["https:\/\/www.asebal.com\/fr\/equipement-routier\/garde-corps-pour-ponts\/autres-modeles\/garde-corps-pma2-12a\/"]}]},{"@type":"BreadcrumbList","@id":"https:\/\/www.asebal.com\/fr\/equipement-routier\/garde-corps-pour-ponts\/autres-modeles\/garde-corps-pma2-12a\/#breadcrumb","itemListElement":[{"@type":"ListItem","position":1,"name":"","item":"https:\/\/www.asebal.com\/fr\/"},{"@type":"ListItem","position":2,"name":"\u00c9quipement routier","item":"https:\/\/www.asebal.com\/fr\/equipement-routier\/"},{"@type":"ListItem","position":3,"name":"Garde-corps pour ponts","item":"https:\/\/www.asebal.com\/fr\/equipement-routier\/garde-corps-pour-ponts\/"},{"@type":"ListItem","position":4,"name":"Autres mod\u00e8les","item":"https:\/\/www.asebal.com\/fr\/equipement-routier\/garde-corps-pour-ponts\/autres-modeles\/"},{"@type":"ListItem","position":5,"name":"Garde-corps PMA2\/12a"}]},{"@type":"WebSite","@id":"https:\/\/www.asebal.com\/#website","url":"https:\/\/www.asebal.com\/","name":"Asebal","description":"Otro sitio realizado con WordPress","publisher":{"@id":"https:\/\/www.asebal.com\/#organization"},"potentialAction":[{"@type":"SearchAction","target":{"@type":"EntryPoint","urlTemplate":"https:\/\/www.asebal.com\/?s={search_term_string}"},"query-input":"required name=search_term_string"}],"inLanguage":"fr-FR"},{"@type":"Organization","@id":"https:\/\/www.asebal.com\/#organization","name":"Asebal","url":"https:\/\/www.asebal.com\/","logo":{"@type":"ImageObject","inLanguage":"fr-FR","@id":"https:\/\/www.asebal.com\/#\/schema\/logo\/image\/","url":"https:\/\/www.asebal.com\/wp-content\/uploads\/2015\/06\/logo-asebal1.png","contentUrl":"https:\/\/www.asebal.com\/wp-content\/uploads\/2015\/06\/logo-asebal1.png","width":265,"height":50,"caption":"Asebal"},"image":{"@id":"https:\/\/www.asebal.com\/#\/schema\/logo\/image\/"}}]}},"_links":{"self":[{"href":"https:\/\/www.asebal.com\/fr\/wp-json\/wp\/v2\/pages\/15093"}],"collection":[{"href":"https:\/\/www.asebal.com\/fr\/wp-json\/wp\/v2\/pages"}],"about":[{"href":"https:\/\/www.asebal.com\/fr\/wp-json\/wp\/v2\/types\/page"}],"author":[{"embeddable":true,"href":"https:\/\/www.asebal.com\/fr\/wp-json\/wp\/v2\/users\/2"}],"replies":[{"embeddable":true,"href":"https:\/\/www.asebal.com\/fr\/wp-json\/wp\/v2\/comments?post=15093"}],"version-history":[{"count":8,"href":"https:\/\/www.asebal.com\/fr\/wp-json\/wp\/v2\/pages\/15093\/revisions"}],"predecessor-version":[{"id":15108,"href":"https:\/\/www.asebal.com\/fr\/wp-json\/wp\/v2\/pages\/15093\/revisions\/15108"}],"up":[{"embeddable":true,"href":"https:\/\/www.asebal.com\/fr\/wp-json\/wp\/v2\/pages\/14880"}],"wp:attachment":[{"href":"https:\/\/www.asebal.com\/fr\/wp-json\/wp\/v2\/media?parent=15093"}],"curies":[{"name":"wp","href":"https:\/\/api.w.org\/{rel}","templated":true}]}}