{"id":15075,"date":"2022-07-01T07:33:57","date_gmt":"2022-07-01T07:33:57","guid":{"rendered":"https:\/\/www.asebal.com\/?page_id=15075"},"modified":"2022-07-01T07:44:06","modified_gmt":"2022-07-01T07:44:06","slug":"garde-corps-px-6-1-15a","status":"publish","type":"page","link":"https:\/\/www.asebal.com\/fr\/equipement-routier\/garde-corps-pour-ponts\/autres-modeles\/garde-corps-px-6-1-15a\/","title":{"rendered":"Garde-corps PX 6&#8211;1\/15a"},"content":{"rendered":"[vc_row column_spacing=\u00a0\u00bb20&Prime;][vc_column][rev_slider_vc alias=\u00a0\u00bbpretil-px6-115a-fr\u00a0\u00bb][\/vc_column][\/vc_row][vc_row column_spacing=\u00a0\u00bb20&Prime;][vc_column][vc_text_separator title=\u00a0\u00bbCaract\u00e9ristiques techniques\u00a0\u00bb title_align=\u00a0\u00bbseparator_align_left\u00a0\u00bb element_type=\u00a0\u00bbh1&Prime; font_size=\u00a0\u00bb25&Prime; font_weight=\u00a0\u00bbnormal\u00a0\u00bb border_color=\u00a0\u00bb#ff0000&Prime; css=\u00a0\u00bb.vc_custom_1656660878958{padding-bottom: 10px !important;}\u00a0\u00bb el_class=\u00a0\u00bbh1&Prime;][vc_column_text el_class=\u00a0\u00bbline-height: 1.2&Prime;]\u00c0 installer sur les parapets en b\u00e9ton, g\u00e9n\u00e9ralement sur les bords des tabliers des ouvrages d\u2019art. Le<br \/>\nbarreaudage assure une meilleure performance de la glissi\u00e8re en cas de collision avec un poids lourd.<\/p>\n<p>Les manchons de liaison sont de \u00d8168,3 mm et 300 mm de long avec un tube int\u00e9rieur de<br \/>\n\u00d8139,7&#215;12,5 mm d\u2019\u00e9paisseur ; ils sont fix\u00e9s avec deux boulons M24.<\/p>\n<p>Les dispositifs peuvent \u00eatre fabriqu\u00e9s en diff\u00e9rents mod\u00e8les en fonction de la solution requise dans chaque cas.[\/vc_column_text][vc_empty_space][vc_single_image image=\u00a0\u00bb15080&Prime; img_size=\u00a0\u00bb850&#215;446&Prime; alignment=\u00a0\u00bbcenter\u00a0\u00bb][\/vc_column][\/vc_row][vc_row center_row=\u00a0\u00bb\u00a0\u00bb][vc_column width=\u00a0\u00bb1\/2&Prime;][vc_empty_space][\/vc_column][vc_column width=\u00a0\u00bb1\/2&Prime;][vc_empty_space][vc_row_inner][vc_column_inner style=\u00a0\u00bbdefault\u00a0\u00bb visibility=\u00a0\u00bb\u00a0\u00bb css_animation=\u00a0\u00bb\u00a0\u00bb drop_shadow=\u00a0\u00bb\u00a0\u00bb bg_style=\u00a0\u00bbstretch\u00a0\u00bb][vc_empty_space][vc_single_image image=\u00a0\u00bb13097&Prime; img_size=\u00a0\u00bb64&#215;64&Prime; alignment=\u00a0\u00bbcenter\u00a0\u00bb][vc_column_text]\n<p style=\"text-align: center;\"><a title=\"T\u00e9l\u00e9charger la fiche en Pdf\" href=\"https:\/\/www.asebal.com\/wp-content\/uploads\/2022\/07\/Pretil-PX6-1-15a-FR.pdf\" target=\"_blank\" rel=\"noopener\">T\u00e9l\u00e9charger la fiche en Pdf<\/a><\/p>\n[\/vc_column_text][\/vc_column_inner][\/vc_row_inner][\/vc_column][\/vc_row]\n","protected":false},"excerpt":{"rendered":"<p>[vc_row column_spacing=\u00a0\u00bb20&Prime;][vc_column][rev_slider_vc alias=\u00a0\u00bbpretil-px6-115a-fr\u00a0\u00bb][\/vc_column][\/vc_row][vc_row column_spacing=\u00a0\u00bb20&Prime;][vc_column][vc_text_separator title=\u00a0\u00bbCaract\u00e9ristiques techniques\u00a0\u00bb title_align=\u00a0\u00bbseparator_align_left\u00a0\u00bb element_type=\u00a0\u00bbh1&Prime; font_size=\u00a0\u00bb25&Prime; font_weight=\u00a0\u00bbnormal\u00a0\u00bb border_color=\u00a0\u00bb#ff0000&Prime; css=\u00a0\u00bb.vc_custom_1656660878958{padding-bottom: 10px !important;}\u00a0\u00bb el_class=\u00a0\u00bbh1&Prime;][vc_column_text el_class=\u00a0\u00bbline-height: 1.2&Prime;]\u00c0 installer sur les parapets en b\u00e9ton, g\u00e9n\u00e9ralement sur les bords des tabliers des ouvrages d\u2019art. Le barreaudage assure une meilleure performance de la&hellip;<\/p>\n","protected":false},"author":2,"featured_media":0,"parent":14880,"menu_order":0,"comment_status":"open","ping_status":"open","template":"","meta":{"footnotes":""},"yoast_head":"<!-- This site is optimized with the Yoast SEO plugin v22.0 - https:\/\/yoast.com\/wordpress\/plugins\/seo\/ -->\n<title>Garde-corps PX 6-1\/15a - Asebal<\/title>\n<meta name=\"robots\" content=\"index, follow, max-snippet:-1, max-image-preview:large, max-video-preview:-1\" \/>\n<link rel=\"canonical\" href=\"https:\/\/www.asebal.com\/fr\/equipement-routier\/garde-corps-pour-ponts\/autres-modeles\/garde-corps-px-6-1-15a\/\" \/>\n<meta property=\"og:locale\" content=\"fr_FR\" \/>\n<meta property=\"og:type\" content=\"article\" \/>\n<meta property=\"og:title\" content=\"Garde-corps PX 6-1\/15a - Asebal\" \/>\n<meta property=\"og:description\" content=\"[vc_row column_spacing=\u00a0\u00bb20&Prime;][vc_column][rev_slider_vc alias=\u00a0\u00bbpretil-px6-115a-fr\u00a0\u00bb][\/vc_column][\/vc_row][vc_row column_spacing=\u00a0\u00bb20&Prime;][vc_column][vc_text_separator title=\u00a0\u00bbCaract\u00e9ristiques techniques\u00a0\u00bb title_align=\u00a0\u00bbseparator_align_left\u00a0\u00bb element_type=\u00a0\u00bbh1&Prime; font_size=\u00a0\u00bb25&Prime; font_weight=\u00a0\u00bbnormal\u00a0\u00bb border_color=\u00a0\u00bb#ff0000&Prime; css=\u00a0\u00bb.vc_custom_1656660878958{padding-bottom: 10px !important;}\u00a0\u00bb el_class=\u00a0\u00bbh1&Prime;][vc_column_text el_class=\u00a0\u00bbline-height: 1.2&Prime;]\u00c0 installer sur les parapets en b\u00e9ton, g\u00e9n\u00e9ralement sur les bords des tabliers des ouvrages d\u2019art. Le barreaudage assure une meilleure performance de la&hellip;\" \/>\n<meta property=\"og:url\" content=\"https:\/\/www.asebal.com\/fr\/equipement-routier\/garde-corps-pour-ponts\/autres-modeles\/garde-corps-px-6-1-15a\/\" \/>\n<meta property=\"og:site_name\" content=\"Asebal\" \/>\n<meta property=\"article:modified_time\" content=\"2022-07-01T07:44:06+00:00\" \/>\n<meta name=\"twitter:card\" content=\"summary_large_image\" \/>\n<meta name=\"twitter:label1\" content=\"Dur\u00e9e de lecture estim\u00e9e\" \/>\n\t<meta name=\"twitter:data1\" content=\"1 minute\" \/>\n<script type=\"application\/ld+json\" class=\"yoast-schema-graph\">{\"@context\":\"https:\/\/schema.org\",\"@graph\":[{\"@type\":\"WebPage\",\"@id\":\"https:\/\/www.asebal.com\/fr\/equipement-routier\/garde-corps-pour-ponts\/autres-modeles\/garde-corps-px-6-1-15a\/\",\"url\":\"https:\/\/www.asebal.com\/fr\/equipement-routier\/garde-corps-pour-ponts\/autres-modeles\/garde-corps-px-6-1-15a\/\",\"name\":\"Garde-corps PX 6-1\/15a - Asebal\",\"isPartOf\":{\"@id\":\"https:\/\/www.asebal.com\/#website\"},\"datePublished\":\"2022-07-01T07:33:57+00:00\",\"dateModified\":\"2022-07-01T07:44:06+00:00\",\"breadcrumb\":{\"@id\":\"https:\/\/www.asebal.com\/fr\/equipement-routier\/garde-corps-pour-ponts\/autres-modeles\/garde-corps-px-6-1-15a\/#breadcrumb\"},\"inLanguage\":\"fr-FR\",\"potentialAction\":[{\"@type\":\"ReadAction\",\"target\":[\"https:\/\/www.asebal.com\/fr\/equipement-routier\/garde-corps-pour-ponts\/autres-modeles\/garde-corps-px-6-1-15a\/\"]}]},{\"@type\":\"BreadcrumbList\",\"@id\":\"https:\/\/www.asebal.com\/fr\/equipement-routier\/garde-corps-pour-ponts\/autres-modeles\/garde-corps-px-6-1-15a\/#breadcrumb\",\"itemListElement\":[{\"@type\":\"ListItem\",\"position\":1,\"name\":\"\",\"item\":\"https:\/\/www.asebal.com\/fr\/\"},{\"@type\":\"ListItem\",\"position\":2,\"name\":\"\u00c9quipement routier\",\"item\":\"https:\/\/www.asebal.com\/fr\/equipement-routier\/\"},{\"@type\":\"ListItem\",\"position\":3,\"name\":\"Garde-corps pour ponts\",\"item\":\"https:\/\/www.asebal.com\/fr\/equipement-routier\/garde-corps-pour-ponts\/\"},{\"@type\":\"ListItem\",\"position\":4,\"name\":\"Autres mod\u00e8les\",\"item\":\"https:\/\/www.asebal.com\/fr\/equipement-routier\/garde-corps-pour-ponts\/autres-modeles\/\"},{\"@type\":\"ListItem\",\"position\":5,\"name\":\"Garde-corps PX 6&#8211;1\/15a\"}]},{\"@type\":\"WebSite\",\"@id\":\"https:\/\/www.asebal.com\/#website\",\"url\":\"https:\/\/www.asebal.com\/\",\"name\":\"Asebal\",\"description\":\"Otro sitio realizado con WordPress\",\"publisher\":{\"@id\":\"https:\/\/www.asebal.com\/#organization\"},\"potentialAction\":[{\"@type\":\"SearchAction\",\"target\":{\"@type\":\"EntryPoint\",\"urlTemplate\":\"https:\/\/www.asebal.com\/?s={search_term_string}\"},\"query-input\":\"required name=search_term_string\"}],\"inLanguage\":\"fr-FR\"},{\"@type\":\"Organization\",\"@id\":\"https:\/\/www.asebal.com\/#organization\",\"name\":\"Asebal\",\"url\":\"https:\/\/www.asebal.com\/\",\"logo\":{\"@type\":\"ImageObject\",\"inLanguage\":\"fr-FR\",\"@id\":\"https:\/\/www.asebal.com\/#\/schema\/logo\/image\/\",\"url\":\"https:\/\/www.asebal.com\/wp-content\/uploads\/2015\/06\/logo-asebal1.png\",\"contentUrl\":\"https:\/\/www.asebal.com\/wp-content\/uploads\/2015\/06\/logo-asebal1.png\",\"width\":265,\"height\":50,\"caption\":\"Asebal\"},\"image\":{\"@id\":\"https:\/\/www.asebal.com\/#\/schema\/logo\/image\/\"}}]}<\/script>\n<!-- \/ Yoast SEO plugin. -->","yoast_head_json":{"title":"Garde-corps PX 6-1\/15a - Asebal","robots":{"index":"index","follow":"follow","max-snippet":"max-snippet:-1","max-image-preview":"max-image-preview:large","max-video-preview":"max-video-preview:-1"},"canonical":"https:\/\/www.asebal.com\/fr\/equipement-routier\/garde-corps-pour-ponts\/autres-modeles\/garde-corps-px-6-1-15a\/","og_locale":"fr_FR","og_type":"article","og_title":"Garde-corps PX 6-1\/15a - Asebal","og_description":"[vc_row column_spacing=\u00a0\u00bb20&Prime;][vc_column][rev_slider_vc alias=\u00a0\u00bbpretil-px6-115a-fr\u00a0\u00bb][\/vc_column][\/vc_row][vc_row column_spacing=\u00a0\u00bb20&Prime;][vc_column][vc_text_separator title=\u00a0\u00bbCaract\u00e9ristiques techniques\u00a0\u00bb title_align=\u00a0\u00bbseparator_align_left\u00a0\u00bb element_type=\u00a0\u00bbh1&Prime; font_size=\u00a0\u00bb25&Prime; font_weight=\u00a0\u00bbnormal\u00a0\u00bb border_color=\u00a0\u00bb#ff0000&Prime; css=\u00a0\u00bb.vc_custom_1656660878958{padding-bottom: 10px !important;}\u00a0\u00bb el_class=\u00a0\u00bbh1&Prime;][vc_column_text el_class=\u00a0\u00bbline-height: 1.2&Prime;]\u00c0 installer sur les parapets en b\u00e9ton, g\u00e9n\u00e9ralement sur les bords des tabliers des ouvrages d\u2019art. Le barreaudage assure une meilleure performance de la&hellip;","og_url":"https:\/\/www.asebal.com\/fr\/equipement-routier\/garde-corps-pour-ponts\/autres-modeles\/garde-corps-px-6-1-15a\/","og_site_name":"Asebal","article_modified_time":"2022-07-01T07:44:06+00:00","twitter_card":"summary_large_image","twitter_misc":{"Dur\u00e9e de lecture estim\u00e9e":"1 minute"},"schema":{"@context":"https:\/\/schema.org","@graph":[{"@type":"WebPage","@id":"https:\/\/www.asebal.com\/fr\/equipement-routier\/garde-corps-pour-ponts\/autres-modeles\/garde-corps-px-6-1-15a\/","url":"https:\/\/www.asebal.com\/fr\/equipement-routier\/garde-corps-pour-ponts\/autres-modeles\/garde-corps-px-6-1-15a\/","name":"Garde-corps PX 6-1\/15a - Asebal","isPartOf":{"@id":"https:\/\/www.asebal.com\/#website"},"datePublished":"2022-07-01T07:33:57+00:00","dateModified":"2022-07-01T07:44:06+00:00","breadcrumb":{"@id":"https:\/\/www.asebal.com\/fr\/equipement-routier\/garde-corps-pour-ponts\/autres-modeles\/garde-corps-px-6-1-15a\/#breadcrumb"},"inLanguage":"fr-FR","potentialAction":[{"@type":"ReadAction","target":["https:\/\/www.asebal.com\/fr\/equipement-routier\/garde-corps-pour-ponts\/autres-modeles\/garde-corps-px-6-1-15a\/"]}]},{"@type":"BreadcrumbList","@id":"https:\/\/www.asebal.com\/fr\/equipement-routier\/garde-corps-pour-ponts\/autres-modeles\/garde-corps-px-6-1-15a\/#breadcrumb","itemListElement":[{"@type":"ListItem","position":1,"name":"","item":"https:\/\/www.asebal.com\/fr\/"},{"@type":"ListItem","position":2,"name":"\u00c9quipement routier","item":"https:\/\/www.asebal.com\/fr\/equipement-routier\/"},{"@type":"ListItem","position":3,"name":"Garde-corps pour ponts","item":"https:\/\/www.asebal.com\/fr\/equipement-routier\/garde-corps-pour-ponts\/"},{"@type":"ListItem","position":4,"name":"Autres mod\u00e8les","item":"https:\/\/www.asebal.com\/fr\/equipement-routier\/garde-corps-pour-ponts\/autres-modeles\/"},{"@type":"ListItem","position":5,"name":"Garde-corps PX 6&#8211;1\/15a"}]},{"@type":"WebSite","@id":"https:\/\/www.asebal.com\/#website","url":"https:\/\/www.asebal.com\/","name":"Asebal","description":"Otro sitio realizado con WordPress","publisher":{"@id":"https:\/\/www.asebal.com\/#organization"},"potentialAction":[{"@type":"SearchAction","target":{"@type":"EntryPoint","urlTemplate":"https:\/\/www.asebal.com\/?s={search_term_string}"},"query-input":"required name=search_term_string"}],"inLanguage":"fr-FR"},{"@type":"Organization","@id":"https:\/\/www.asebal.com\/#organization","name":"Asebal","url":"https:\/\/www.asebal.com\/","logo":{"@type":"ImageObject","inLanguage":"fr-FR","@id":"https:\/\/www.asebal.com\/#\/schema\/logo\/image\/","url":"https:\/\/www.asebal.com\/wp-content\/uploads\/2015\/06\/logo-asebal1.png","contentUrl":"https:\/\/www.asebal.com\/wp-content\/uploads\/2015\/06\/logo-asebal1.png","width":265,"height":50,"caption":"Asebal"},"image":{"@id":"https:\/\/www.asebal.com\/#\/schema\/logo\/image\/"}}]}},"_links":{"self":[{"href":"https:\/\/www.asebal.com\/fr\/wp-json\/wp\/v2\/pages\/15075"}],"collection":[{"href":"https:\/\/www.asebal.com\/fr\/wp-json\/wp\/v2\/pages"}],"about":[{"href":"https:\/\/www.asebal.com\/fr\/wp-json\/wp\/v2\/types\/page"}],"author":[{"embeddable":true,"href":"https:\/\/www.asebal.com\/fr\/wp-json\/wp\/v2\/users\/2"}],"replies":[{"embeddable":true,"href":"https:\/\/www.asebal.com\/fr\/wp-json\/wp\/v2\/comments?post=15075"}],"version-history":[{"count":6,"href":"https:\/\/www.asebal.com\/fr\/wp-json\/wp\/v2\/pages\/15075\/revisions"}],"predecessor-version":[{"id":15091,"href":"https:\/\/www.asebal.com\/fr\/wp-json\/wp\/v2\/pages\/15075\/revisions\/15091"}],"up":[{"embeddable":true,"href":"https:\/\/www.asebal.com\/fr\/wp-json\/wp\/v2\/pages\/14880"}],"wp:attachment":[{"href":"https:\/\/www.asebal.com\/fr\/wp-json\/wp\/v2\/media?parent=15075"}],"curies":[{"name":"wp","href":"https:\/\/api.w.org\/{rel}","templated":true}]}}