{"id":14798,"date":"2022-06-28T16:24:54","date_gmt":"2022-06-28T16:24:54","guid":{"rendered":"https:\/\/www.asebal.com\/?page_id=14798"},"modified":"2025-02-27T12:51:06","modified_gmt":"2025-02-27T12:51:06","slug":"asebal-auxiliar-de-senalizaciones-y-balizamientos","status":"publish","type":"page","link":"https:\/\/www.asebal.com\/fr\/","title":{"rendered":"ASEBAL &#8211; Auxiliar de Se\u00f1alizaciones y Balizamientos"},"content":{"rendered":"[vc_row full_width=\u00a0\u00bbstretch_row\u00a0\u00bb column_spacing=\u00a0\u00bb0px\u00a0\u00bb css=\u00a0\u00bb.vc_custom_1656434381079{padding-bottom: 20px !important;}\u00a0\u00bb][vc_column][rev_slider_vc alias=\u00a0\u00bbslider-inicio-fr\u00a0\u00bb][\/vc_column][\/vc_row][vc_row full_width=\u00a0\u00bbstretch_row\u00a0\u00bb gap=\u00a0\u00bb20&Prime; equal_height=\u00a0\u00bbyes\u00a0\u00bb][vc_column width=\u00a0\u00bb1\/3&Prime; css=\u00a0\u00bb.vc_custom_1592237177161{padding-top: 10px !important;padding-right: 10px !important;padding-bottom: 10px !important;padding-left: 10px !important;background-color: #f7f7f7 !important;}\u00a0\u00bb][vc_single_image image=\u00a0\u00bb12824&Prime; img_size=\u00a0\u00bb291&#215;145&Prime; alignment=\u00a0\u00bbcenter\u00a0\u00bb style=\u00a0\u00bbvc_box_rounded\u00a0\u00bb onclick=\u00a0\u00bbcustom_link\u00a0\u00bb link=\u00a0\u00bbhttps:\/\/www.asebal.com\/fr\/entreprise\/\u00a0\u00bb][vc_empty_space height=\u00a0\u00bb10px\u00a0\u00bb][vc_text_separator title=\u00a0\u00bbEntreprise\u00a0\u00bb title_align=\u00a0\u00bbseparator_align_left\u00a0\u00bb align=\u00a0\u00bbalign_left\u00a0\u00bb element_type=\u00a0\u00bbdiv\u00a0\u00bb font_size=\u00a0\u00bb16&Prime; span_color=\u00a0\u00bb#ff0000&Prime; font_weight=\u00a0\u00bbnormal\u00a0\u00bb][vc_column_text]\n<p style=\"text-align: justify;\">Asebal offre une large gamme de solutions en acier galvanis\u00e9 pour les industries de la s\u00e9curit\u00e9 routi\u00e8re et de l\u2019\u00e9nergie solaire. Notre entreprise s\u2019est engag\u00e9e \u00e0 d\u00e9velopper constamment de nouveaux produits contribuant \u00e0 une mobilit\u00e9 plus s\u00fbre et \u00e0 un meilleur environnement pour tous.<\/p>\n[\/vc_column_text][vc_empty_space height=\u00a0\u00bb30px\u00a0\u00bb]<div class=\"textcenter theme-button-wrap clr\"><a href=\"https:\/\/www.asebal.com\/fr\/entreprise\/\" class=\"vcex-button theme-button three-d small align-center inline hvr hvr-shadow  wpb_animate_when_almost_visible wpb_appear appear\" style=\"background:#ff0000;\"><span class=\"theme-button-inner\"><span class=\"vcex-icon-wrap theme-button-icon-left\"><span class=\"ticon ticon-info\" aria-hidden=\"true\"><\/span><\/span>Acc\u00e9der<\/span><\/a><\/div> [\/vc_column][vc_column width=\u00a0\u00bb1\/3&Prime; css=\u00a0\u00bb.vc_custom_1592220227117{padding: 10px !important;background-color: #f7f7f7 !important;}\u00a0\u00bb][vc_single_image image=\u00a0\u00bb13099&Prime; img_size=\u00a0\u00bb291&#215;145&Prime; alignment=\u00a0\u00bbcenter\u00a0\u00bb style=\u00a0\u00bbvc_box_rounded\u00a0\u00bb onclick=\u00a0\u00bbcustom_link\u00a0\u00bb link=\u00a0\u00bbhttps:\/\/www.asebal.com\/fr\/equipement-routier\/\u00a0\u00bb][vc_empty_space height=\u00a0\u00bb10px\u00a0\u00bb][vc_text_separator title=\u00a0\u00bb\u00c9quipement routier\u00a0\u00bb title_align=\u00a0\u00bbseparator_align_left\u00a0\u00bb element_type=\u00a0\u00bbdiv\u00a0\u00bb font_weight=\u00a0\u00bbnormal\u00a0\u00bb font_size=\u00a0\u00bb16&Prime; span_color=\u00a0\u00bb#ff0000&Prime;][vc_column_text]\n<p style=\"text-align: justify;\">La contribution d\u2019Asebal aux \u00e9quipements routiers est principalement ax\u00e9e sur le d\u00e9veloppement et la fourniture de dispositifs de retenue routiers, de dispositifs de protection pour motocyclistes, d\u2019\u00e9crans d\u2019isolation acoustique et de composants pour la signalisation et le balisage.<\/p>\n[\/vc_column_text][vc_empty_space height=\u00a0\u00bb30px\u00a0\u00bb]<div class=\"textcenter theme-button-wrap clr\"><a href=\"https:\/\/www.asebal.com\/fr\/equipement-routier\/\" class=\"vcex-button theme-button three-d small align-center inline hvr hvr-shadow  wpb_animate_when_almost_visible wpb_appear appear\" style=\"background:#ff0000;\"><span class=\"theme-button-inner\"><span class=\"vcex-icon-wrap theme-button-icon-left\"><span class=\"ticon ticon-info\" aria-hidden=\"true\"><\/span><\/span>Acc\u00e9der<\/span><\/a><\/div> [\/vc_column][vc_column width=\u00a0\u00bb1\/3&Prime; css=\u00a0\u00bb.vc_custom_1592220236276{padding: 10px !important;background-color: #f7f7f7 !important;}\u00a0\u00bb][vc_single_image image=\u00a0\u00bb13157&Prime; img_size=\u00a0\u00bb291&#215;145&Prime; alignment=\u00a0\u00bbcenter\u00a0\u00bb style=\u00a0\u00bbvc_box_rounded\u00a0\u00bb onclick=\u00a0\u00bbcustom_link\u00a0\u00bb link=\u00a0\u00bbhttps:\/\/www.asebal.com\/fr\/solaire\/\u00a0\u00bb][vc_empty_space height=\u00a0\u00bb10px\u00a0\u00bb][vc_text_separator title=\u00a0\u00bb\u00c9nergie solaire\u00a0\u00bb title_align=\u00a0\u00bbseparator_align_left\u00a0\u00bb element_type=\u00a0\u00bbdiv\u00a0\u00bb font_weight=\u00a0\u00bbnormal\u00a0\u00bb font_size=\u00a0\u00bb16&Prime; span_color=\u00a0\u00bb#ff0000&Prime;][vc_column_text]\n<p style=\"text-align: justify;\"><span style=\"font-size: 13px;\">Des solutions sur mesure avec tous les types de profil\u00e9s en acier galvanis\u00e9. Nos clients d\u00e9finissent leurs besoins et Asebal leur fournit des solutions.<br \/>\nNos profil\u00e9s peuvent \u00eatre int\u00e9gr\u00e9s dans des projets de centrales solaires photovolta\u00efques et thermosolaires.<\/span><\/p>\n[\/vc_column_text][vc_empty_space height=\u00a0\u00bb30px\u00a0\u00bb]<div class=\"textcenter theme-button-wrap clr\"><a href=\"https:\/\/www.asebal.com\/fr\/solaire\/\" class=\"vcex-button theme-button three-d small align-center inline hvr hvr-shadow  wpb_animate_when_almost_visible wpb_appear appear\" style=\"background:#ff0000;\"><span class=\"theme-button-inner\"><span class=\"vcex-icon-wrap theme-button-icon-left\"><span class=\"ticon ticon-info\" aria-hidden=\"true\"><\/span><\/span>Acc\u00e9der<\/span><\/a><\/div> [\/vc_column][\/vc_row][vc_row full_width=\u00a0\u00bbstretch_row\u00a0\u00bb gap=\u00a0\u00bb20&Prime; equal_height=\u00a0\u00bbyes\u00a0\u00bb parallax=\u00a0\u00bbvcex_parallax\u00a0\u00bb css=\u00a0\u00bb.vc_custom_1592237222081{margin-bottom: 40px !important;border-top-width: 1px !important;border-right-width: 0px !important;border-bottom-width: 1px !important;border-left-width: 0px !important;padding-top: 20px !important;background-color: rgba(245,245,245,0.01) !important;*background-color: rgb(245,245,245) !important;border-left-color: #ededed !important;border-left-style: solid !important;border-right-color: #ededed !important;border-right-style: solid !important;border-top-color: #ededed !important;border-top-style: solid !important;border-bottom-color: #ededed !important;border-bottom-style: solid !important;}\u00a0\u00bb][vc_column width=\u00a0\u00bb1\/3&Prime; drop_shadow=\u00a0\u00bbyes\u00a0\u00bb css=\u00a0\u00bb.vc_custom_1592220271542{padding-top: 10px !important;padding-right: 10px !important;padding-bottom: 10px !important;padding-left: 10px !important;background-color: #f7f7f7 !important;border-radius: 3px !important;}\u00a0\u00bb][vc_single_image image=\u00a0\u00bb16200&Prime; img_size=\u00a0\u00bb291&#215;175&Prime; alignment=\u00a0\u00bbcenter\u00a0\u00bb style=\u00a0\u00bbvc_box_rounded\u00a0\u00bb onclick=\u00a0\u00bbcustom_link\u00a0\u00bb img_filter=\u00a0\u00bbgrayscale\u00a0\u00bb link=\u00a0\u00bbhttps:\/\/www.asebal.com\/fr\/catalogues-route\/\u00a0\u00bb][vc_empty_space height=\u00a0\u00bb10px\u00a0\u00bb][vc_text_separator title=\u00a0\u00bbCatalogues de produits (Route)\u00a0\u00bb title_align=\u00a0\u00bbseparator_align_left\u00a0\u00bb element_type=\u00a0\u00bbdiv\u00a0\u00bb font_weight=\u00a0\u00bbnormal\u00a0\u00bb font_size=\u00a0\u00bb16&Prime; span_color=\u00a0\u00bb#ff0000&Prime;][\/vc_column][vc_column width=\u00a0\u00bb1\/3&Prime; drop_shadow=\u00a0\u00bbyes\u00a0\u00bb css=\u00a0\u00bb.vc_custom_1592220278572{padding-top: 10px !important;padding-right: 10px !important;padding-bottom: 10px !important;padding-left: 10px !important;background-color: #f7f7f7 !important;border-radius: 3px !important;}\u00a0\u00bb][vc_single_image image=\u00a0\u00bb13303&Prime; img_size=\u00a0\u00bb291&#215;175&Prime; alignment=\u00a0\u00bbcenter\u00a0\u00bb style=\u00a0\u00bbvc_box_rounded\u00a0\u00bb onclick=\u00a0\u00bbcustom_link\u00a0\u00bb img_filter=\u00a0\u00bbgrayscale\u00a0\u00bb link=\u00a0\u00bbhttps:\/\/www.asebal.com\/fr\/entreprise\/localisation\/\u00a0\u00bb][vc_empty_space height=\u00a0\u00bb10px\u00a0\u00bb][vc_text_separator title=\u00a0\u00bbLocalisation\u00a0\u00bb title_align=\u00a0\u00bbseparator_align_left\u00a0\u00bb element_type=\u00a0\u00bbdiv\u00a0\u00bb font_weight=\u00a0\u00bbnormal\u00a0\u00bb font_size=\u00a0\u00bb16&Prime; span_color=\u00a0\u00bb#ff0000&Prime;][\/vc_column][vc_column width=\u00a0\u00bb1\/3&Prime; drop_shadow=\u00a0\u00bbyes\u00a0\u00bb css=\u00a0\u00bb.vc_custom_1592220284604{padding-top: 10px !important;padding-right: 10px !important;padding-bottom: 10px !important;padding-left: 10px !important;background-color: #f7f7f7 !important;border-radius: 3px !important;}\u00a0\u00bb][vc_single_image image=\u00a0\u00bb12844&Prime; img_size=\u00a0\u00bb291&#215;175&Prime; alignment=\u00a0\u00bbcenter\u00a0\u00bb style=\u00a0\u00bbvc_box_rounded\u00a0\u00bb onclick=\u00a0\u00bbcustom_link\u00a0\u00bb link=\u00a0\u00bbhttps:\/\/www.asebal.com\/fr\/entreprise\/contact\/\u00a0\u00bb][vc_empty_space height=\u00a0\u00bb10px\u00a0\u00bb][vc_text_separator title=\u00a0\u00bbContact\u00a0\u00bb title_align=\u00a0\u00bbseparator_align_left\u00a0\u00bb element_type=\u00a0\u00bbdiv\u00a0\u00bb font_weight=\u00a0\u00bbnormal\u00a0\u00bb font_size=\u00a0\u00bb16&Prime; span_color=\u00a0\u00bb#ff0000&Prime;][\/vc_column][\/vc_row][vc_row column_spacing=\u00a0\u00bb0px\u00a0\u00bb][vc_column width=\u00a0\u00bb1\/3&Prime;][\/vc_column][vc_column width=\u00a0\u00bb1\/3&Prime;][vc_row_inner content_placement=\u00a0\u00bbmiddle\u00a0\u00bb][vc_column_inner width=\u00a0\u00bb1\/3&Prime;][vc_single_image image=\u00a0\u00bb16928&Prime; img_size=\u00a0\u00bb150&#215;120&Prime; alignment=\u00a0\u00bbcenter\u00a0\u00bb onclick=\u00a0\u00bbcustom_link\u00a0\u00bb img_link_target=\u00a0\u00bb_blank\u00a0\u00bb link=\u00a0\u00bbhttps:\/\/www.asebal.com\/wp-content\/uploads\/2025\/02\/Cartel-C7-I1-generacion.pdf\u00a0\u00bb][\/vc_column_inner][vc_column_inner width=\u00a0\u00bb1\/3&Prime;][vc_single_image image=\u00a0\u00bb14601&Prime; img_size=\u00a0\u00bb80&#215;81&Prime; alignment=\u00a0\u00bbcenter\u00a0\u00bb][\/vc_column_inner][vc_column_inner width=\u00a0\u00bb1\/3&Prime;][vc_single_image image=\u00a0\u00bb14600&Prime; img_size=\u00a0\u00bb100&#215;81&Prime; alignment=\u00a0\u00bbcenter\u00a0\u00bb][\/vc_column_inner][\/vc_row_inner][vc_column_text italic=\u00a0\u00bbtrue\u00a0\u00bb]Nous avons obtenu le soutien des Fonds Next Generation ou du Plan de Relance, de Transformation et de R\u00e9silience[\/vc_column_text][\/vc_column][vc_column width=\u00a0\u00bb1\/3&Prime;][\/vc_column][\/vc_row]\n","protected":false},"excerpt":{"rendered":"<p>[vc_row full_width=\u00a0\u00bbstretch_row\u00a0\u00bb column_spacing=\u00a0\u00bb0px\u00a0\u00bb css=\u00a0\u00bb.vc_custom_1656434381079{padding-bottom: 20px !important;}\u00a0\u00bb][vc_column][rev_slider_vc alias=\u00a0\u00bbslider-inicio-fr\u00a0\u00bb][\/vc_column][\/vc_row][vc_row full_width=\u00a0\u00bbstretch_row\u00a0\u00bb gap=\u00a0\u00bb20&Prime; equal_height=\u00a0\u00bbyes\u00a0\u00bb][vc_column width=\u00a0\u00bb1\/3&Prime; css=\u00a0\u00bb.vc_custom_1592237177161{padding-top: 10px !important;padding-right: 10px !important;padding-bottom: 10px !important;padding-left: 10px !important;background-color: #f7f7f7 !important;}\u00a0\u00bb][vc_single_image image=\u00a0\u00bb12824&Prime; img_size=\u00a0\u00bb291&#215;145&Prime; alignment=\u00a0\u00bbcenter\u00a0\u00bb style=\u00a0\u00bbvc_box_rounded\u00a0\u00bb onclick=\u00a0\u00bbcustom_link\u00a0\u00bb link=\u00a0\u00bbhttps:\/\/www.asebal.com\/fr\/entreprise\/\u00a0\u00bb][vc_empty_space height=\u00a0\u00bb10px\u00a0\u00bb][vc_text_separator title=\u00a0\u00bbEntreprise\u00a0\u00bb title_align=\u00a0\u00bbseparator_align_left\u00a0\u00bb align=\u00a0\u00bbalign_left\u00a0\u00bb element_type=\u00a0\u00bbdiv\u00a0\u00bb font_size=\u00a0\u00bb16&Prime; span_color=\u00a0\u00bb#ff0000&Prime; font_weight=\u00a0\u00bbnormal\u00a0\u00bb][vc_column_text] Asebal offre une large&hellip;<\/p>\n","protected":false},"author":2,"featured_media":0,"parent":0,"menu_order":0,"comment_status":"closed","ping_status":"closed","template":"","meta":{"footnotes":""},"yoast_head":"<!-- This site is optimized with the Yoast SEO plugin v22.0 - https:\/\/yoast.com\/wordpress\/plugins\/seo\/ -->\n<title>ASEBAL - Auxiliar de Se\u00f1alizaciones y Balizamientos - Asebal<\/title>\n<meta name=\"robots\" content=\"index, follow, max-snippet:-1, max-image-preview:large, max-video-preview:-1\" \/>\n<link rel=\"canonical\" href=\"https:\/\/www.asebal.com\/fr\/\" \/>\n<meta property=\"og:locale\" content=\"fr_FR\" \/>\n<meta property=\"og:type\" content=\"article\" \/>\n<meta property=\"og:title\" content=\"ASEBAL - Auxiliar de Se\u00f1alizaciones y Balizamientos - Asebal\" \/>\n<meta property=\"og:description\" content=\"[vc_row full_width=\u00a0\u00bbstretch_row\u00a0\u00bb column_spacing=\u00a0\u00bb0px\u00a0\u00bb css=\u00a0\u00bb.vc_custom_1656434381079{padding-bottom: 20px !important;}\u00a0\u00bb][vc_column][rev_slider_vc alias=\u00a0\u00bbslider-inicio-fr\u00a0\u00bb][\/vc_column][\/vc_row][vc_row full_width=\u00a0\u00bbstretch_row\u00a0\u00bb gap=\u00a0\u00bb20&Prime; equal_height=\u00a0\u00bbyes\u00a0\u00bb][vc_column width=\u00a0\u00bb1\/3&Prime; css=\u00a0\u00bb.vc_custom_1592237177161{padding-top: 10px !important;padding-right: 10px !important;padding-bottom: 10px !important;padding-left: 10px !important;background-color: #f7f7f7 !important;}\u00a0\u00bb][vc_single_image image=\u00a0\u00bb12824&Prime; img_size=\u00a0\u00bb291&#215;145&Prime; alignment=\u00a0\u00bbcenter\u00a0\u00bb style=\u00a0\u00bbvc_box_rounded\u00a0\u00bb onclick=\u00a0\u00bbcustom_link\u00a0\u00bb link=\u00a0\u00bbhttps:\/\/www.asebal.com\/fr\/entreprise\/\u00a0\u00bb][vc_empty_space height=\u00a0\u00bb10px\u00a0\u00bb][vc_text_separator title=\u00a0\u00bbEntreprise\u00a0\u00bb title_align=\u00a0\u00bbseparator_align_left\u00a0\u00bb align=\u00a0\u00bbalign_left\u00a0\u00bb element_type=\u00a0\u00bbdiv\u00a0\u00bb font_size=\u00a0\u00bb16&Prime; span_color=\u00a0\u00bb#ff0000&Prime; font_weight=\u00a0\u00bbnormal\u00a0\u00bb][vc_column_text] Asebal offre une large&hellip;\" \/>\n<meta property=\"og:url\" content=\"https:\/\/www.asebal.com\/fr\/\" \/>\n<meta property=\"og:site_name\" content=\"Asebal\" \/>\n<meta property=\"article:modified_time\" content=\"2025-02-27T12:51:06+00:00\" \/>\n<meta name=\"twitter:card\" content=\"summary_large_image\" \/>\n<meta name=\"twitter:label1\" content=\"Dur\u00e9e de lecture estim\u00e9e\" \/>\n\t<meta name=\"twitter:data1\" content=\"2 minutes\" \/>\n<script type=\"application\/ld+json\" class=\"yoast-schema-graph\">{\"@context\":\"https:\/\/schema.org\",\"@graph\":[{\"@type\":\"WebPage\",\"@id\":\"https:\/\/www.asebal.com\/fr\/\",\"url\":\"https:\/\/www.asebal.com\/fr\/\",\"name\":\"ASEBAL - Auxiliar de Se\u00f1alizaciones y Balizamientos - Asebal\",\"isPartOf\":{\"@id\":\"https:\/\/www.asebal.com\/#website\"},\"datePublished\":\"2022-06-28T16:24:54+00:00\",\"dateModified\":\"2025-02-27T12:51:06+00:00\",\"breadcrumb\":{\"@id\":\"https:\/\/www.asebal.com\/fr\/#breadcrumb\"},\"inLanguage\":\"fr-FR\",\"potentialAction\":[{\"@type\":\"ReadAction\",\"target\":[\"https:\/\/www.asebal.com\/fr\/\"]}]},{\"@type\":\"BreadcrumbList\",\"@id\":\"https:\/\/www.asebal.com\/fr\/#breadcrumb\",\"itemListElement\":[{\"@type\":\"ListItem\",\"position\":1,\"name\":\"\",\"item\":\"https:\/\/www.asebal.com\/fr\/\"},{\"@type\":\"ListItem\",\"position\":2,\"name\":\"ASEBAL &#8211; Auxiliar de Se\u00f1alizaciones y Balizamientos\"}]},{\"@type\":\"WebSite\",\"@id\":\"https:\/\/www.asebal.com\/#website\",\"url\":\"https:\/\/www.asebal.com\/\",\"name\":\"Asebal\",\"description\":\"Otro sitio realizado con WordPress\",\"publisher\":{\"@id\":\"https:\/\/www.asebal.com\/#organization\"},\"potentialAction\":[{\"@type\":\"SearchAction\",\"target\":{\"@type\":\"EntryPoint\",\"urlTemplate\":\"https:\/\/www.asebal.com\/?s={search_term_string}\"},\"query-input\":\"required name=search_term_string\"}],\"inLanguage\":\"fr-FR\"},{\"@type\":\"Organization\",\"@id\":\"https:\/\/www.asebal.com\/#organization\",\"name\":\"Asebal\",\"url\":\"https:\/\/www.asebal.com\/\",\"logo\":{\"@type\":\"ImageObject\",\"inLanguage\":\"fr-FR\",\"@id\":\"https:\/\/www.asebal.com\/#\/schema\/logo\/image\/\",\"url\":\"https:\/\/www.asebal.com\/wp-content\/uploads\/2015\/06\/logo-asebal1.png\",\"contentUrl\":\"https:\/\/www.asebal.com\/wp-content\/uploads\/2015\/06\/logo-asebal1.png\",\"width\":265,\"height\":50,\"caption\":\"Asebal\"},\"image\":{\"@id\":\"https:\/\/www.asebal.com\/#\/schema\/logo\/image\/\"}}]}<\/script>\n<!-- \/ Yoast SEO plugin. -->","yoast_head_json":{"title":"ASEBAL - Auxiliar de Se\u00f1alizaciones y Balizamientos - Asebal","robots":{"index":"index","follow":"follow","max-snippet":"max-snippet:-1","max-image-preview":"max-image-preview:large","max-video-preview":"max-video-preview:-1"},"canonical":"https:\/\/www.asebal.com\/fr\/","og_locale":"fr_FR","og_type":"article","og_title":"ASEBAL - Auxiliar de Se\u00f1alizaciones y Balizamientos - Asebal","og_description":"[vc_row full_width=\u00a0\u00bbstretch_row\u00a0\u00bb column_spacing=\u00a0\u00bb0px\u00a0\u00bb css=\u00a0\u00bb.vc_custom_1656434381079{padding-bottom: 20px !important;}\u00a0\u00bb][vc_column][rev_slider_vc alias=\u00a0\u00bbslider-inicio-fr\u00a0\u00bb][\/vc_column][\/vc_row][vc_row full_width=\u00a0\u00bbstretch_row\u00a0\u00bb gap=\u00a0\u00bb20&Prime; equal_height=\u00a0\u00bbyes\u00a0\u00bb][vc_column width=\u00a0\u00bb1\/3&Prime; css=\u00a0\u00bb.vc_custom_1592237177161{padding-top: 10px !important;padding-right: 10px !important;padding-bottom: 10px !important;padding-left: 10px !important;background-color: #f7f7f7 !important;}\u00a0\u00bb][vc_single_image image=\u00a0\u00bb12824&Prime; img_size=\u00a0\u00bb291&#215;145&Prime; alignment=\u00a0\u00bbcenter\u00a0\u00bb style=\u00a0\u00bbvc_box_rounded\u00a0\u00bb onclick=\u00a0\u00bbcustom_link\u00a0\u00bb link=\u00a0\u00bbhttps:\/\/www.asebal.com\/fr\/entreprise\/\u00a0\u00bb][vc_empty_space height=\u00a0\u00bb10px\u00a0\u00bb][vc_text_separator title=\u00a0\u00bbEntreprise\u00a0\u00bb title_align=\u00a0\u00bbseparator_align_left\u00a0\u00bb align=\u00a0\u00bbalign_left\u00a0\u00bb element_type=\u00a0\u00bbdiv\u00a0\u00bb font_size=\u00a0\u00bb16&Prime; span_color=\u00a0\u00bb#ff0000&Prime; font_weight=\u00a0\u00bbnormal\u00a0\u00bb][vc_column_text] Asebal offre une large&hellip;","og_url":"https:\/\/www.asebal.com\/fr\/","og_site_name":"Asebal","article_modified_time":"2025-02-27T12:51:06+00:00","twitter_card":"summary_large_image","twitter_misc":{"Dur\u00e9e de lecture estim\u00e9e":"2 minutes"},"schema":{"@context":"https:\/\/schema.org","@graph":[{"@type":"WebPage","@id":"https:\/\/www.asebal.com\/fr\/","url":"https:\/\/www.asebal.com\/fr\/","name":"ASEBAL - Auxiliar de Se\u00f1alizaciones y Balizamientos - Asebal","isPartOf":{"@id":"https:\/\/www.asebal.com\/#website"},"datePublished":"2022-06-28T16:24:54+00:00","dateModified":"2025-02-27T12:51:06+00:00","breadcrumb":{"@id":"https:\/\/www.asebal.com\/fr\/#breadcrumb"},"inLanguage":"fr-FR","potentialAction":[{"@type":"ReadAction","target":["https:\/\/www.asebal.com\/fr\/"]}]},{"@type":"BreadcrumbList","@id":"https:\/\/www.asebal.com\/fr\/#breadcrumb","itemListElement":[{"@type":"ListItem","position":1,"name":"","item":"https:\/\/www.asebal.com\/fr\/"},{"@type":"ListItem","position":2,"name":"ASEBAL &#8211; Auxiliar de Se\u00f1alizaciones y Balizamientos"}]},{"@type":"WebSite","@id":"https:\/\/www.asebal.com\/#website","url":"https:\/\/www.asebal.com\/","name":"Asebal","description":"Otro sitio realizado con WordPress","publisher":{"@id":"https:\/\/www.asebal.com\/#organization"},"potentialAction":[{"@type":"SearchAction","target":{"@type":"EntryPoint","urlTemplate":"https:\/\/www.asebal.com\/?s={search_term_string}"},"query-input":"required name=search_term_string"}],"inLanguage":"fr-FR"},{"@type":"Organization","@id":"https:\/\/www.asebal.com\/#organization","name":"Asebal","url":"https:\/\/www.asebal.com\/","logo":{"@type":"ImageObject","inLanguage":"fr-FR","@id":"https:\/\/www.asebal.com\/#\/schema\/logo\/image\/","url":"https:\/\/www.asebal.com\/wp-content\/uploads\/2015\/06\/logo-asebal1.png","contentUrl":"https:\/\/www.asebal.com\/wp-content\/uploads\/2015\/06\/logo-asebal1.png","width":265,"height":50,"caption":"Asebal"},"image":{"@id":"https:\/\/www.asebal.com\/#\/schema\/logo\/image\/"}}]}},"_links":{"self":[{"href":"https:\/\/www.asebal.com\/fr\/wp-json\/wp\/v2\/pages\/14798"}],"collection":[{"href":"https:\/\/www.asebal.com\/fr\/wp-json\/wp\/v2\/pages"}],"about":[{"href":"https:\/\/www.asebal.com\/fr\/wp-json\/wp\/v2\/types\/page"}],"author":[{"embeddable":true,"href":"https:\/\/www.asebal.com\/fr\/wp-json\/wp\/v2\/users\/2"}],"replies":[{"embeddable":true,"href":"https:\/\/www.asebal.com\/fr\/wp-json\/wp\/v2\/comments?post=14798"}],"version-history":[{"count":9,"href":"https:\/\/www.asebal.com\/fr\/wp-json\/wp\/v2\/pages\/14798\/revisions"}],"predecessor-version":[{"id":16935,"href":"https:\/\/www.asebal.com\/fr\/wp-json\/wp\/v2\/pages\/14798\/revisions\/16935"}],"wp:attachment":[{"href":"https:\/\/www.asebal.com\/fr\/wp-json\/wp\/v2\/media?parent=14798"}],"curies":[{"name":"wp","href":"https:\/\/api.w.org\/{rel}","templated":true}]}}